{"id":10109,"date":"2022-04-15T01:08:57","date_gmt":"2022-04-15T00:08:57","guid":{"rendered":"https:\/\/www.aemora.pt\/?page_id=10109"},"modified":"2022-04-15T01:23:55","modified_gmt":"2022-04-15T00:23:55","slug":"matriculas-ano-letivo-2022-2023","status":"publish","type":"page","link":"https:\/\/www.aemora.pt\/?page_id=10109","title":{"rendered":"Matr\u00edculas Ano Letivo 2022\/2023"},"content":{"rendered":"\t\t<div data-elementor-type=\"wp-page\" data-elementor-id=\"10109\" class=\"elementor elementor-10109\" data-elementor-post-type=\"page\">\n\t\t\t\t\t\t<section class=\"elementor-section elementor-top-section elementor-element elementor-element-3603b546 elementor-section-height-min-height elementor-section-boxed elementor-section-height-default elementor-section-items-middle\" data-id=\"3603b546\" data-element_type=\"section\" data-e-type=\"section\" data-settings=\"{&quot;background_background&quot;:&quot;gradient&quot;,&quot;shape_divider_bottom&quot;:&quot;waves&quot;}\">\n\t\t\t\t\t\t\t<div class=\"elementor-background-overlay\"><\/div>\n\t\t\t\t\t\t<div class=\"elementor-shape elementor-shape-bottom\" aria-hidden=\"true\" data-negative=\"false\">\n\t\t\t<svg xmlns=\"http:\/\/www.w3.org\/2000\/svg\" viewBox=\"0 0 1000 100\" preserveAspectRatio=\"none\">\n\t<path class=\"elementor-shape-fill\" d=\"M421.9,6.5c22.6-2.5,51.5,0.4,75.5,5.3c23.6,4.9,70.9,23.5,100.5,35.7c75.8,32.2,133.7,44.5,192.6,49.7\n\tc23.6,2.1,48.7,3.5,103.4-2.5c54.7-6,106.2-25.6,106.2-25.6V0H0v30.3c0,0,72,32.6,158.4,30.5c39.2-0.7,92.8-6.7,134-22.4\n\tc21.2-8.1,52.2-18.2,79.7-24.2C399.3,7.9,411.6,7.5,421.9,6.5z\"\/>\n<\/svg>\t\t<\/div>\n\t\t\t\t\t<div class=\"elementor-container elementor-column-gap-default\">\n\t\t\t\t\t<div class=\"elementor-column elementor-col-100 elementor-top-column elementor-element elementor-element-a642f71\" data-id=\"a642f71\" data-element_type=\"column\" data-e-type=\"column\">\n\t\t\t<div class=\"elementor-widget-wrap elementor-element-populated\">\n\t\t\t\t\t\t<div class=\"elementor-element elementor-element-3149fa1f elementor-widget elementor-widget-theme-post-title elementor-page-title elementor-widget-heading\" data-id=\"3149fa1f\" data-element_type=\"widget\" data-e-type=\"widget\" data-widget_type=\"theme-post-title.default\">\n\t\t\t\t<div class=\"elementor-widget-container\">\n\t\t\t\t\t<h1 class=\"elementor-heading-title elementor-size-default\">Matr\u00edculas Ano Letivo 2022\/2023<\/h1>\t\t\t\t<\/div>\n\t\t\t\t<\/div>\n\t\t\t\t<div class=\"elementor-element elementor-element-39f60d7e elementor-align-center elementor-widget elementor-widget-post-info\" data-id=\"39f60d7e\" data-element_type=\"widget\" data-e-type=\"widget\" data-widget_type=\"post-info.default\">\n\t\t\t\t<div class=\"elementor-widget-container\">\n\t\t\t\t\t\t\t<ul class=\"elementor-inline-items elementor-icon-list-items elementor-post-info\">\n\t\t\t\t\t\t\t\t<li class=\"elementor-icon-list-item elementor-repeater-item-ef11192 elementor-inline-item\" itemprop=\"datePublished\">\n\t\t\t\t\t\t<a href=\"https:\/\/www.aemora.pt\/?m=20220415\">\n\t\t\t\t\t\t\t\t\t\t\t\t\t\t<span class=\"elementor-icon-list-text elementor-post-info__item elementor-post-info__item--type-date\">\n\t\t\t\t\t\t\t\t\t\t<time>Abril 15, 2022<\/time>\t\t\t\t\t<\/span>\n\t\t\t\t\t\t\t\t\t<\/a>\n\t\t\t\t<\/li>\n\t\t\t\t<\/ul>\n\t\t\t\t\t\t<\/div>\n\t\t\t\t<\/div>\n\t\t\t\t\t<\/div>\n\t\t<\/div>\n\t\t\t\t\t<\/div>\n\t\t<\/section>\n\t\t\t\t<section class=\"elementor-section elementor-top-section elementor-element elementor-element-587c86f2 elementor-section-boxed elementor-section-height-default elementor-section-height-default\" data-id=\"587c86f2\" data-element_type=\"section\" data-e-type=\"section\">\n\t\t\t\t\t\t<div class=\"elementor-container elementor-column-gap-default\">\n\t\t\t\t\t<div class=\"elementor-column elementor-col-100 elementor-top-column elementor-element elementor-element-44f9c499\" data-id=\"44f9c499\" data-element_type=\"column\" data-e-type=\"column\">\n\t\t\t<div class=\"elementor-widget-wrap elementor-element-populated\">\n\t\t\t\t\t\t<div class=\"elementor-element elementor-element-2a7b7f4c elementor-widget elementor-widget-spacer\" data-id=\"2a7b7f4c\" data-element_type=\"widget\" data-e-type=\"widget\" data-widget_type=\"spacer.default\">\n\t\t\t\t<div class=\"elementor-widget-container\">\n\t\t\t\t\t\t\t<div class=\"elementor-spacer\">\n\t\t\t<div class=\"elementor-spacer-inner\"><\/div>\n\t\t<\/div>\n\t\t\t\t\t\t<\/div>\n\t\t\t\t<\/div>\n\t\t\t\t<div class=\"elementor-element elementor-element-6f9fa2a elementor-widget elementor-widget-text-editor\" data-id=\"6f9fa2a\" data-element_type=\"widget\" data-e-type=\"widget\" data-widget_type=\"text-editor.default\">\n\t\t\t\t<div class=\"elementor-widget-container\">\n\t\t\t\t\t\t\t\t\t<p style=\"font-weight: 400;\"><span style=\"font-size: 24px; color: #0000ff;\">Informam-se os pais e encarregados de educa\u00e7\u00e3o que a partir do dia 19 de abril e at\u00e9 ao dia 16 de maio o Portal das Matr\u00edculas est\u00e1 dispon\u00edvel para efetuar as matr\u00edculas para o pr\u00e9-escolar e 1.\u00ba ano (1.\u00ba Ciclo do Ensino B\u00e1sico).<\/span><\/p><p style=\"font-weight: 400;\"><span style=\"font-size: 24px; color: #0000ff;\">Para efetuar a matr\u00edcula, devem aceder \u00e0 plataforma\u00a0<a style=\"color: #0000ff;\" href=\"https:\/\/portaldasmatriculas.edu.gov.pt\/\"><strong>https:\/\/portaldasmatriculas.edu.gov.pt<\/strong><\/a><strong>.<\/strong><\/span><\/p><p style=\"font-weight: 400;\"><span style=\"font-size: 24px; color: #0000ff;\">Se tiver d\u00favidas no preenchimento, poder\u00e1 contactar o agrupamento de escolas de mora pelo telefone 266403245 ou email:\u00a0<a style=\"color: #0000ff;\" href=\"mailto:secretaria.ebsmora@gmail.com\">secretaria.ebsmora@gmail.com<\/a><\/span><\/p><p style=\"font-weight: 400;\"><span style=\"font-size: 24px; color: #0000ff;\">Os documentos que deve ter presente no ato da matr\u00edcula s\u00e3o os seguintes:<\/span><\/p><p style=\"font-weight: 400;\"><span style=\"font-size: 24px; color: #0000ff;\">Cart\u00e3o de cidad\u00e3o do aluno e do encarregado de educa\u00e7\u00e3o;<\/span><\/p><p style=\"font-weight: 400;\"><span style=\"font-size: 24px; color: #0000ff;\">1 foto em formato digital;<\/span><\/p><p style=\"font-weight: 400;\"><span style=\"font-size: 24px; color: #0000ff;\">Cart\u00e3o de subsistema de sa\u00fade ou seguro de sa\u00fade (se aplic\u00e1vel);<\/span><\/p><p style=\"font-weight: 400;\"><span style=\"font-size: 24px; color: #0000ff;\">Comprovativo de morada quando a escola escolhida for na \u00e1rea de resid\u00eancia;<\/span><\/p><p style=\"font-weight: 400;\"><span style=\"font-size: 24px; color: #0000ff;\">Comprovativo da entidade patronal, quando a escola escolhida for na \u00e1rea do local de trabalho do encarregado de educa\u00e7\u00e3o;<\/span><\/p><p style=\"font-weight: 400;\"><span style=\"font-size: 24px; color: #0000ff;\">Comprovativo de que o aluno frequenta a escolaridade com relat\u00f3rio t\u00e9cnico-pedag\u00f3gico nos termos do Decreto-Lei n.\u00ba 54\/2018, de 6 de julho (se aplic\u00e1vel).<\/span><\/p><p style=\"font-weight: 400;\"><span style=\"font-size: 24px; color: #0000ff;\">Comprovativo da composi\u00e7\u00e3o do agregado familiar validado pela autoridade tribut\u00e1ria, apenas nas seguintes situa\u00e7\u00f5es:<\/span><\/p><p style=\"font-weight: 400;\"><span style=\"font-size: 24px; color: #0000ff;\">Quando os progenitores n\u00e3o vivem em comunh\u00e3o (o aluno tem que fazer parte do agregado familiar do encarregado de educa\u00e7\u00e3o), na impossibilidade de apresentar o comprovativo validado pela autoridade tribut\u00e1ria, deve apresentar um comprovativo v\u00e1lido do poder paternal;<\/span><\/p><p style=\"font-weight: 400;\"><span style=\"font-size: 24px; color: #0000ff;\">Quando o encarregado de educa\u00e7\u00e3o n\u00e3o \u00e9 um dos progenitores;<\/span><\/p><p style=\"font-weight: 400;\"><span style=\"font-size: 24px; color: #0000ff;\">Quando a prefer\u00eancia de escola \u00e9 escolhida de acordo com a escola j\u00e1 frequentada por irm\u00e3os e\/ou outras crian\u00e7as pertencentes ao mesmo agregado familiar;<\/span><\/p><p style=\"font-weight: 400;\"><span style=\"font-size: 24px; color: #0000ff;\">Declara\u00e7\u00e3o do escal\u00e3o do abono de fam\u00edlia.<\/span><\/p><p style=\"font-weight: 400;\"><span style=\"font-size: 24px; color: #0000ff;\">O Encarregado de Educa\u00e7\u00e3o n\u00e3o pode ser alterado ao longo do ano letivo.<\/span><\/p><p><span style=\"font-weight: 400; font-size: 24px; color: #0000ff;\">\u00a0<\/span><\/p><p style=\"font-weight: 400; text-align: center;\"><span style=\"font-size: 24px; color: #0000ff;\"><strong><u>Legisla\u00e7\u00e3o Aplic\u00e1vel:<\/u><\/strong><\/span><\/p><p style=\"text-align: center;\"><a href=\"https:\/\/drive.google.com\/file\/d\/1tfYQtq13uXiphMd2xJXxT11sGs1I94Yk\/view?usp=sharing\" target=\"_blank\" rel=\"noopener\"><span style=\"font-size: 24px; color: #0000ff;\">Despacho Normativo N.\u00ba 6\/2018;<\/span><\/a><\/p><p style=\"text-align: center;\"><a href=\"https:\/\/drive.google.com\/file\/d\/1C1fe1j_YqH1KdHlmMGzXiRE5WSpWCvKN\/view?usp=sharing\" target=\"_blank\" rel=\"noopener\"><span style=\"font-size: 24px; color: #0000ff;\">Despacho Normativo N.\u00ba 5\/2020;<\/span><\/a><\/p><p style=\"text-align: center;\"><a href=\"https:\/\/drive.google.com\/file\/d\/1zKPbhrP0HN_QXNyz41gseStbXL9rdFyE\/view?usp=sharing\" target=\"_blank\" rel=\"noopener\"><span style=\"font-size: 24px; color: #0000ff;\">Despacho Normativo N.\u00ba 10-B\/2021;<\/span><\/a><\/p><p style=\"text-align: center;\"><span style=\"font-size: 24px; color: #0000ff;\"><a style=\"color: #0000ff;\" href=\"https:\/\/drive.google.com\/file\/d\/1d516m_bpr0oC_qUfVWtZsqKekHz7_w1S\/view?usp=sharing\" target=\"_blank\" rel=\"noopener\">Despacho n.\u00ba 4209-A\/2022;<\/a>\u00a0<\/span><\/p><p style=\"font-weight: 400;\">\u00a0<\/p><p><span style=\"font-weight: 400; font-size: 24px; color: #0000ff;\">Agrupamento de Escolas de Mora, 13 de abril de 2022<\/span><\/p><p style=\"font-weight: 400;\"><span style=\"font-size: 24px; color: #0000ff;\">O Diretor do Agrupamento de Escolas de Mora<\/span><\/p><p style=\"font-weight: 400;\"><span style=\"font-size: 24px; color: #0000ff;\">Joaquim Ant\u00f3nio Rodrigues de Mira<\/span><\/p>\t\t\t\t\t\t\t\t<\/div>\n\t\t\t\t<\/div>\n\t\t\t\t\t<\/div>\n\t\t<\/div>\n\t\t\t\t\t<\/div>\n\t\t<\/section>\n\t\t\t\t<\/div>\n\t\t","protected":false},"excerpt":{"rendered":"<p>Informam-se os pais e encarregados de educa\u00e7\u00e3o que a partir do dia 19 de abril e at\u00e9 ao dia 16 de maio o Portal das&hellip;<\/p>\n","protected":false},"author":5,"featured_media":0,"parent":0,"menu_order":0,"comment_status":"closed","ping_status":"closed","template":"","meta":{"_EventAllDay":false,"_EventTimezone":"","_EventStartDate":"","_EventEndDate":"","_EventStartDateUTC":"","_EventEndDateUTC":"","_EventShowMap":false,"_EventShowMapLink":false,"_EventURL":"","_EventCost":"","_EventCostDescription":"","_EventCurrencySymbol":"","_EventCurrencyCode":"","_EventCurrencyPosition":"","_EventDateTimeSeparator":"","_EventTimeRangeSeparator":"","_EventOrganizerID":[],"_EventVenueID":[],"_OrganizerEmail":"","_OrganizerPhone":"","_OrganizerWebsite":"","_VenueAddress":"","_VenueCity":"","_VenueCountry":"","_VenueProvince":"","_VenueState":"","_VenueZip":"","_VenuePhone":"","_VenueURL":"","_VenueStateProvince":"","_VenueLat":"","_VenueLng":"","_VenueShowMap":false,"_VenueShowMapLink":false,"footnotes":""},"class_list":["post-10109","page","type-page","status-publish","hentry"],"featured_image_url":[],"post_author":"Paulo Torres","assigned_categories":"","_links":{"self":[{"href":"https:\/\/www.aemora.pt\/index.php?rest_route=\/wp\/v2\/pages\/10109","targetHints":{"allow":["GET"]}}],"collection":[{"href":"https:\/\/www.aemora.pt\/index.php?rest_route=\/wp\/v2\/pages"}],"about":[{"href":"https:\/\/www.aemora.pt\/index.php?rest_route=\/wp\/v2\/types\/page"}],"author":[{"embeddable":true,"href":"https:\/\/www.aemora.pt\/index.php?rest_route=\/wp\/v2\/users\/5"}],"replies":[{"embeddable":true,"href":"https:\/\/www.aemora.pt\/index.php?rest_route=%2Fwp%2Fv2%2Fcomments&post=10109"}],"version-history":[{"count":5,"href":"https:\/\/www.aemora.pt\/index.php?rest_route=\/wp\/v2\/pages\/10109\/revisions"}],"predecessor-version":[{"id":10118,"href":"https:\/\/www.aemora.pt\/index.php?rest_route=\/wp\/v2\/pages\/10109\/revisions\/10118"}],"wp:attachment":[{"href":"https:\/\/www.aemora.pt\/index.php?rest_route=%2Fwp%2Fv2%2Fmedia&parent=10109"}],"curies":[{"name":"wp","href":"https:\/\/api.w.org\/{rel}","templated":true}]}}