{"id":328,"date":"2017-11-28T15:38:24","date_gmt":"2017-11-28T15:38:24","guid":{"rendered":"http:\/\/aemora.pt\/?page_id=328"},"modified":"2024-12-12T15:35:23","modified_gmt":"2024-12-12T14:35:23","slug":"escola-basica-de-cabecao","status":"publish","type":"page","link":"https:\/\/www.aemora.pt\/?page_id=328","title":{"rendered":"Escola B\u00e1sica de Cabe\u00e7\u00e3o"},"content":{"rendered":"\t\t<div data-elementor-type=\"wp-post\" data-elementor-id=\"328\" class=\"elementor elementor-328\" data-elementor-post-type=\"page\">\n\t\t\t\t\t\t<section class=\"elementor-section elementor-top-section elementor-element elementor-element-7f959af elementor-section-boxed elementor-section-height-default elementor-section-height-default\" data-id=\"7f959af\" data-element_type=\"section\" data-e-type=\"section\">\n\t\t\t\t\t\t<div class=\"elementor-container elementor-column-gap-default\">\n\t\t\t\t\t<div class=\"elementor-column elementor-col-100 elementor-top-column elementor-element elementor-element-c1b76e2\" data-id=\"c1b76e2\" data-element_type=\"column\" data-e-type=\"column\">\n\t\t\t<div class=\"elementor-widget-wrap elementor-element-populated\">\n\t\t\t\t\t\t<div class=\"elementor-element elementor-element-02d36ff elementor-widget elementor-widget-spacer\" data-id=\"02d36ff\" data-element_type=\"widget\" data-e-type=\"widget\" data-widget_type=\"spacer.default\">\n\t\t\t\t<div class=\"elementor-widget-container\">\n\t\t\t\t\t\t\t<div class=\"elementor-spacer\">\n\t\t\t<div class=\"elementor-spacer-inner\"><\/div>\n\t\t<\/div>\n\t\t\t\t\t\t<\/div>\n\t\t\t\t<\/div>\n\t\t\t\t<div class=\"elementor-element elementor-element-6441534 elementor-widget-divider--view-line elementor-widget elementor-widget-divider\" data-id=\"6441534\" data-element_type=\"widget\" data-e-type=\"widget\" data-widget_type=\"divider.default\">\n\t\t\t\t<div class=\"elementor-widget-container\">\n\t\t\t\t\t\t\t<div class=\"elementor-divider\">\n\t\t\t<span class=\"elementor-divider-separator\">\n\t\t\t\t\t\t<\/span>\n\t\t<\/div>\n\t\t\t\t\t\t<\/div>\n\t\t\t\t<\/div>\n\t\t\t\t<div class=\"elementor-element elementor-element-08ac2d6 elementor-widget elementor-widget-heading\" data-id=\"08ac2d6\" data-element_type=\"widget\" data-e-type=\"widget\" data-widget_type=\"heading.default\">\n\t\t\t\t<div class=\"elementor-widget-container\">\n\t\t\t\t\t<h2 class=\"elementor-heading-title elementor-size-default\"><div data-id=\"e7235a4\" data-element_type=\"widget\" data-widget_type=\"heading.default\" style=\"font-weight: 400;white-space: normal\"><div><span>Informa\u00e7\u00f5es de Contacto<\/span><span style=\"font-family: var( --e-global-typography-primary-font-family ), Sans-serif;font-size: 2rem;white-space: pre-wrap\"><\/span><\/div><\/div><\/h2>\t\t\t\t<\/div>\n\t\t\t\t<\/div>\n\t\t\t\t<div class=\"elementor-element elementor-element-63950ad elementor-widget elementor-widget-text-editor\" data-id=\"63950ad\" data-element_type=\"widget\" data-e-type=\"widget\" data-widget_type=\"text-editor.default\">\n\t\t\t\t<div class=\"elementor-widget-container\">\n\t\t\t\t\t\t\t\t\t<div class=\"elementor-element elementor-element-78c6376 elementor-widget elementor-widget-text-editor\" data-id=\"78c6376\" data-element_type=\"widget\" data-widget_type=\"text-editor.default\"><div class=\"elementor-widget-container\"><p><strong>Edificio<\/strong><\/p><p>Escola B\u00e1sica do 1\u00ba Ciclo e Jardim de Inf\u00e2ncia de Cabe\u00e7\u00e3o<\/p><p><strong>Endere\u00e7o<\/strong><\/p><p><span style=\"font-family: var( --e-global-typography-text-font-family ), Sans-serif; font-size: 1rem;\">Rua do Cemit\u00e9rio 7490-055, Cabe\u00e7\u00e3o<\/span><\/p><p><strong style=\"font-family: var( --e-global-typography-text-font-family ), Sans-serif; font-size: 1rem;\">Email<\/strong><\/p><p>secretaria.ebsmora@gmail.com<\/p><p><strong>Contacto<\/strong><\/p><p>(+351) 266 447 561<\/p><\/div><\/div>\t\t\t\t\t\t\t\t<\/div>\n\t\t\t\t<\/div>\n\t\t\t\t<div class=\"elementor-element elementor-element-5b1e888 elementor-widget-divider--view-line elementor-widget elementor-widget-divider\" data-id=\"5b1e888\" data-element_type=\"widget\" data-e-type=\"widget\" data-widget_type=\"divider.default\">\n\t\t\t\t<div class=\"elementor-widget-container\">\n\t\t\t\t\t\t\t<div class=\"elementor-divider\">\n\t\t\t<span class=\"elementor-divider-separator\">\n\t\t\t\t\t\t<\/span>\n\t\t<\/div>\n\t\t\t\t\t\t<\/div>\n\t\t\t\t<\/div>\n\t\t\t\t\t<\/div>\n\t\t<\/div>\n\t\t\t\t\t<\/div>\n\t\t<\/section>\n\t\t\t\t<section class=\"elementor-section elementor-top-section elementor-element elementor-element-b27c40e elementor-section-boxed elementor-section-height-default elementor-section-height-default\" data-id=\"b27c40e\" data-element_type=\"section\" data-e-type=\"section\">\n\t\t\t\t\t\t<div class=\"elementor-container elementor-column-gap-default\">\n\t\t\t\t\t<div class=\"elementor-column elementor-col-100 elementor-top-column elementor-element elementor-element-7c53574\" data-id=\"7c53574\" data-element_type=\"column\" data-e-type=\"column\">\n\t\t\t<div class=\"elementor-widget-wrap elementor-element-populated\">\n\t\t\t\t\t\t<div class=\"elementor-element elementor-element-8000f27 elementor-widget elementor-widget-google_maps\" data-id=\"8000f27\" data-element_type=\"widget\" data-e-type=\"widget\" data-widget_type=\"google_maps.default\">\n\t\t\t\t<div class=\"elementor-widget-container\">\n\t\t\t\t\t\t\t<div class=\"elementor-custom-embed\">\n\t\t\t<iframe loading=\"lazy\"\n\t\t\t\t\tsrc=\"https:\/\/maps.google.com\/maps?q=Escola%20Prim%C3%A1ria%20de%20Cabe%C3%A7%C3%A3o&#038;t=m&#038;z=14&#038;output=embed&#038;iwloc=near\"\n\t\t\t\t\ttitle=\"Escola Prim\u00e1ria de Cabe\u00e7\u00e3o\"\n\t\t\t\t\taria-label=\"Escola Prim\u00e1ria de Cabe\u00e7\u00e3o\"\n\t\t\t><\/iframe>\n\t\t<\/div>\n\t\t\t\t\t\t<\/div>\n\t\t\t\t<\/div>\n\t\t\t\t\t<\/div>\n\t\t<\/div>\n\t\t\t\t\t<\/div>\n\t\t<\/section>\n\t\t\t\t<\/div>\n\t\t","protected":false},"excerpt":{"rendered":"<p>Informa\u00e7\u00f5es de Contacto Edificio Escola B\u00e1sica do 1\u00ba Ciclo e Jardim de Inf\u00e2ncia de Cabe\u00e7\u00e3o Endere\u00e7o Rua do Cemit\u00e9rio 7490-055, Cabe\u00e7\u00e3o Email secretaria.ebsmora@gmail.com Contacto (+351)&hellip;<\/p>\n","protected":false},"author":2,"featured_media":0,"parent":0,"menu_order":0,"comment_status":"closed","ping_status":"closed","template":"","meta":{"_EventAllDay":false,"_EventTimezone":"","_EventStartDate":"","_EventEndDate":"","_EventStartDateUTC":"","_EventEndDateUTC":"","_EventShowMap":false,"_EventShowMapLink":false,"_EventURL":"","_EventCost":"","_EventCostDescription":"","_EventCurrencySymbol":"","_EventCurrencyCode":"","_EventCurrencyPosition":"","_EventDateTimeSeparator":"","_EventTimeRangeSeparator":"","_EventOrganizerID":[],"_EventVenueID":[],"_OrganizerEmail":"","_OrganizerPhone":"","_OrganizerWebsite":"","_VenueAddress":"","_VenueCity":"","_VenueCountry":"","_VenueProvince":"","_VenueState":"","_VenueZip":"","_VenuePhone":"","_VenueURL":"","_VenueStateProvince":"","_VenueLat":"","_VenueLng":"","_VenueShowMap":false,"_VenueShowMapLink":false,"footnotes":""},"class_list":["post-328","page","type-page","status-publish","hentry"],"featured_image_url":[],"post_author":"Agrupamento de Escolas de Mora","assigned_categories":"","_links":{"self":[{"href":"https:\/\/www.aemora.pt\/index.php?rest_route=\/wp\/v2\/pages\/328","targetHints":{"allow":["GET"]}}],"collection":[{"href":"https:\/\/www.aemora.pt\/index.php?rest_route=\/wp\/v2\/pages"}],"about":[{"href":"https:\/\/www.aemora.pt\/index.php?rest_route=\/wp\/v2\/types\/page"}],"author":[{"embeddable":true,"href":"https:\/\/www.aemora.pt\/index.php?rest_route=\/wp\/v2\/users\/2"}],"replies":[{"embeddable":true,"href":"https:\/\/www.aemora.pt\/index.php?rest_route=%2Fwp%2Fv2%2Fcomments&post=328"}],"version-history":[{"count":21,"href":"https:\/\/www.aemora.pt\/index.php?rest_route=\/wp\/v2\/pages\/328\/revisions"}],"predecessor-version":[{"id":78327,"href":"https:\/\/www.aemora.pt\/index.php?rest_route=\/wp\/v2\/pages\/328\/revisions\/78327"}],"wp:attachment":[{"href":"https:\/\/www.aemora.pt\/index.php?rest_route=%2Fwp%2Fv2%2Fmedia&parent=328"}],"curies":[{"name":"wp","href":"https:\/\/api.w.org\/{rel}","templated":true}]}}