{"id":42787,"date":"2024-05-13T17:06:35","date_gmt":"2024-05-13T16:06:35","guid":{"rendered":"https:\/\/www.aemora.pt\/?page_id=42787"},"modified":"2024-05-13T17:10:54","modified_gmt":"2024-05-13T16:10:54","slug":"acao-social-escolar-2024-2025","status":"publish","type":"page","link":"https:\/\/www.aemora.pt\/?page_id=42787","title":{"rendered":"A\u00e7\u00e3o Social Escolar 2024\/2025"},"content":{"rendered":"\t\t<div data-elementor-type=\"wp-page\" data-elementor-id=\"42787\" class=\"elementor elementor-42787\" data-elementor-post-type=\"page\">\n\t\t\t\t<div class=\"elementor-element elementor-element-18cae57 e-flex e-con-boxed e-con e-parent\" data-id=\"18cae57\" data-element_type=\"container\" data-e-type=\"container\">\n\t\t\t\t\t<div class=\"e-con-inner\">\n\t\t\t\t<div class=\"elementor-element elementor-element-2ccc221 elementor-widget elementor-widget-heading\" data-id=\"2ccc221\" data-element_type=\"widget\" data-e-type=\"widget\" data-widget_type=\"heading.default\">\n\t\t\t\t<div class=\"elementor-widget-container\">\n\t\t\t\t\t<h2 class=\"elementor-heading-title elementor-size-default\">AUX\u00cdLIOS ECON\u00d3MICOS-A\u00c7\u00c3O SOCIAL ESCOLAR\n \n\n<\/h2>\t\t\t\t<\/div>\n\t\t\t\t<\/div>\n\t\t\t\t\t<\/div>\n\t\t\t\t<\/div>\n\t\t<div class=\"elementor-element elementor-element-3899429 e-flex e-con-boxed e-con e-parent\" data-id=\"3899429\" data-element_type=\"container\" data-e-type=\"container\">\n\t\t\t\t\t<div class=\"e-con-inner\">\n\t\t\t\t<div class=\"elementor-element elementor-element-15b66ee elementor-widget elementor-widget-heading\" data-id=\"15b66ee\" data-element_type=\"widget\" data-e-type=\"widget\" data-widget_type=\"heading.default\">\n\t\t\t\t<div class=\"elementor-widget-container\">\n\t\t\t\t\t<h4 class=\"elementor-heading-title elementor-size-default\">Ano Letivo de 2024\/2025<\/h4>\t\t\t\t<\/div>\n\t\t\t\t<\/div>\n\t\t\t\t\t<\/div>\n\t\t\t\t<\/div>\n\t\t<div class=\"elementor-element elementor-element-d6d0f06 e-flex e-con-boxed e-con e-parent\" data-id=\"d6d0f06\" data-element_type=\"container\" data-e-type=\"container\">\n\t\t\t\t\t<div class=\"e-con-inner\">\n\t\t\t\t<div class=\"elementor-element elementor-element-987a2ef elementor-widget elementor-widget-heading\" data-id=\"987a2ef\" data-element_type=\"widget\" data-e-type=\"widget\" data-widget_type=\"heading.default\">\n\t\t\t\t<div class=\"elementor-widget-container\">\n\t\t\t\t\t<h5 class=\"elementor-heading-title elementor-size-default\">INFORMA\u00c7\u00c3O AOS PAIS E ENCARREGADOS DE EDUCA\u00c7\u00c3O<\/h5>\t\t\t\t<\/div>\n\t\t\t\t<\/div>\n\t\t\t\t\t<\/div>\n\t\t\t\t<\/div>\n\t\t<div class=\"elementor-element elementor-element-9a28361 e-flex e-con-boxed e-con e-parent\" data-id=\"9a28361\" data-element_type=\"container\" data-e-type=\"container\">\n\t\t\t\t\t<div class=\"e-con-inner\">\n\t\t\t\t<div class=\"elementor-element elementor-element-ab6ffc7 elementor-widget elementor-widget-text-editor\" data-id=\"ab6ffc7\" data-element_type=\"widget\" data-e-type=\"widget\" data-widget_type=\"text-editor.default\">\n\t\t\t\t<div class=\"elementor-widget-container\">\n\t\t\t\t\t\t\t\t\t<p>De acordo com a legisla\u00e7\u00e3o em vigor, (Decreto-Lei n.\u00ba 55\/2009 de 2 de mar\u00e7o de 2009, Despacho n.\u00ba 8452-A\/2015 de 31 de julho de 2015, alterado pelos Despachos n.\u00ba 5296\/2017 de 16 de junho de 2017 e n.\u00ba 7255\/2018 de 31 de julho) todos os alunos posicionados no 1.\u00ba e no 2.\u00ba escal\u00e3o do abono de fam\u00edlia, podem candidatar-se \u00e0 concess\u00e3o de aux\u00edlios econ\u00f3micos, preenchendo o boletim de candidatura, dispon\u00edvel nos servi\u00e7os administrativos.<\/p><p>O referido boletim, depois de preenchido e assinado pelo encarregado de educa\u00e7\u00e3o e pelo aluno, deve ser entregue nos servi\u00e7os administrativos no per\u00edodo de 1 a 21 de junho de 2024 acompanhado dos seguintes documentos:<\/p><ol><li>Documento emitido pela seguran\u00e7a social ou entidade empregadora onde conste o escal\u00e3o de abono de fam\u00edlia do aluno;<\/li><\/ol><p>\u00a0<\/p><ol start=\"2\"><li>Comprovativo do IBAN do encarregado de educa\u00e7\u00e3o para efeitos de reembolsos, que deve ser datado e assinado pelo encarregado de educa\u00e7\u00e3o (s\u00f3 para alunos do 5.\u00ba ao 12.\u00ba ano);<\/li><\/ol><p>\u00a0<\/p><ol start=\"3\"><li>Documento emitido pelo Centro de Emprego, no caso de o Pai e\/ou M\u00e3e estarem desempregados h\u00e1 3 meses ou mais e lhe seja atribu\u00eddo o 2.\u00ba escal\u00e3o do abono de fam\u00edlia;<\/li><\/ol><p>\u00a0<\/p><p>Os servi\u00e7os administrativos prestar\u00e3o apoio no preenchimento dos boletins de candidatura e esclarecimento de d\u00favidas.<\/p><p>O n\u00e3o preenchimento do boletim de candidatura dentro do prazo, pode impossibilitar a atribui\u00e7\u00e3o do subs\u00eddio no inicia do ano letivo.<\/p><p>O subs\u00eddio ser\u00e1 atribu\u00eddo em fun\u00e7\u00e3o da declara\u00e7\u00e3o do escal\u00e3o do abono de fam\u00edlia.<\/p><p>Falsas declara\u00e7\u00f5es implicam, para al\u00e9m de procedimento legal, imediato cancelamento dos subs\u00eddios atribu\u00eddos e reposi\u00e7\u00e3o dos j\u00e1 recebidos.<\/p><p>\u00a0<\/p><p>\u00a0<\/p><p>Agrupamento de Escolas de Mora, 06 de maio de 2024<\/p><p>\u00a0<\/p><p>O Diretor do Agrupamento de Escolas de Mora<\/p><p>Joaquim Ant\u00f3nio Rodrigues de Mira<\/p>\t\t\t\t\t\t\t\t<\/div>\n\t\t\t\t<\/div>\n\t\t\t\t\t<\/div>\n\t\t\t\t<\/div>\n\t\t\t\t<\/div>\n\t\t","protected":false},"excerpt":{"rendered":"<p>AUX\u00cdLIOS ECON\u00d3MICOS-A\u00c7\u00c3O SOCIAL ESCOLAR Ano Letivo de 2024\/2025 INFORMA\u00c7\u00c3O AOS PAIS E ENCARREGADOS DE EDUCA\u00c7\u00c3O De acordo com a legisla\u00e7\u00e3o em vigor, (Decreto-Lei n.\u00ba 55\/2009&hellip;<\/p>\n","protected":false},"author":5,"featured_media":0,"parent":0,"menu_order":0,"comment_status":"closed","ping_status":"closed","template":"","meta":{"_EventAllDay":false,"_EventTimezone":"","_EventStartDate":"","_EventEndDate":"","_EventStartDateUTC":"","_EventEndDateUTC":"","_EventShowMap":false,"_EventShowMapLink":false,"_EventURL":"","_EventCost":"","_EventCostDescription":"","_EventCurrencySymbol":"","_EventCurrencyCode":"","_EventCurrencyPosition":"","_EventDateTimeSeparator":"","_EventTimeRangeSeparator":"","_EventOrganizerID":[],"_EventVenueID":[],"_OrganizerEmail":"","_OrganizerPhone":"","_OrganizerWebsite":"","_VenueAddress":"","_VenueCity":"","_VenueCountry":"","_VenueProvince":"","_VenueState":"","_VenueZip":"","_VenuePhone":"","_VenueURL":"","_VenueStateProvince":"","_VenueLat":"","_VenueLng":"","_VenueShowMap":false,"_VenueShowMapLink":false,"footnotes":""},"class_list":["post-42787","page","type-page","status-publish","hentry"],"featured_image_url":[],"post_author":"Paulo Torres","assigned_categories":"","_links":{"self":[{"href":"https:\/\/www.aemora.pt\/index.php?rest_route=\/wp\/v2\/pages\/42787","targetHints":{"allow":["GET"]}}],"collection":[{"href":"https:\/\/www.aemora.pt\/index.php?rest_route=\/wp\/v2\/pages"}],"about":[{"href":"https:\/\/www.aemora.pt\/index.php?rest_route=\/wp\/v2\/types\/page"}],"author":[{"embeddable":true,"href":"https:\/\/www.aemora.pt\/index.php?rest_route=\/wp\/v2\/users\/5"}],"replies":[{"embeddable":true,"href":"https:\/\/www.aemora.pt\/index.php?rest_route=%2Fwp%2Fv2%2Fcomments&post=42787"}],"version-history":[{"count":6,"href":"https:\/\/www.aemora.pt\/index.php?rest_route=\/wp\/v2\/pages\/42787\/revisions"}],"predecessor-version":[{"id":80391,"href":"https:\/\/www.aemora.pt\/index.php?rest_route=\/wp\/v2\/pages\/42787\/revisions\/80391"}],"wp:attachment":[{"href":"https:\/\/www.aemora.pt\/index.php?rest_route=%2Fwp%2Fv2%2Fmedia&parent=42787"}],"curies":[{"name":"wp","href":"https:\/\/api.w.org\/{rel}","templated":true}]}}