{"id":80497,"date":"2025-04-07T11:03:25","date_gmt":"2025-04-07T10:03:25","guid":{"rendered":"https:\/\/www.aemora.pt\/?page_id=80497"},"modified":"2025-05-01T14:35:55","modified_gmt":"2025-05-01T13:35:55","slug":"procedimento-concursal-eleicao-diretor-2025-2029","status":"publish","type":"page","link":"https:\/\/www.aemora.pt\/?page_id=80497","title":{"rendered":"Procedimento Concursal Elei\u00e7\u00e3o Diretor \u2013 2025-2029"},"content":{"rendered":"\t\t<div data-elementor-type=\"wp-page\" data-elementor-id=\"80497\" class=\"elementor elementor-80497\" data-elementor-post-type=\"page\">\n\t\t\t\t<div class=\"elementor-element elementor-element-315ae0d2 e-flex e-con-boxed e-con e-parent\" data-id=\"315ae0d2\" data-element_type=\"container\" data-e-type=\"container\">\n\t\t\t\t\t<div class=\"e-con-inner\">\n\t\t\t\t<div class=\"elementor-element elementor-element-29cb801d elementor-widget elementor-widget-text-editor\" data-id=\"29cb801d\" data-element_type=\"widget\" data-e-type=\"widget\" data-widget_type=\"text-editor.default\">\n\t\t\t\t<div class=\"elementor-widget-container\">\n\t\t\t\t\t\t\t\t\t<p style=\"text-align: left; padding-left: 40px;\" align=\"center\">\u00a0 <span style=\"color: #ffffff;\">a<\/span><\/p><p class=\"x_MsoNormal\" align=\"center\"><b><span data-olk-copy-source=\"MessageBody\">AVISO<\/span><\/b><b><\/b><\/p><p class=\"x_MsoNormal\" align=\"center\">Abertura do procedimento concursal para a elei\u00e7\u00e3o do\/a Diretor\/a do Agrupamento de Escolas de Mora<\/p><p class=\"x_MsoNormal\" style=\"padding-left: 40px;\" align=\"justify\">Nos termos do disposto nos artigos 21.\u00ba e 22.\u00ba do Decreto-Lei n.\u00ba 75\/2008, de 22 de abril, alterado pelo Decreto-Lei n.\u00ba 137\/2012, de 2 de julho, e demais legisla\u00e7\u00e3o aplic\u00e1vel, torna-se p\u00fablico que se encontra aberto um concurso para provimento do lugar de Diretor(a) do Agrupamento de Escolas de Mora, Concelho de Mora, Distrito de \u00c9vora, para o quadri\u00e9nio 2025\/2029, pelo prazo de 10 dias \u00fateis, a contar do dia seguinte ao da publica\u00e7\u00e3o, do presente aviso no Di\u00e1rio da Rep\u00fablica, 2.\u00aa s\u00e9rie, n.\u00ba 9189\/2025\/2, em 7 de abril de 2025.<\/p><p class=\"x_MsoNormal\" style=\"padding-left: 40px;\">Agrupamento de Escolas de Mora, 7 de abril de 2025<\/p><p class=\"x_MsoNormal\" align=\"center\"><b>A Presidente do Conselho Geral<\/b><\/p><p class=\"x_MsoNormal\" align=\"center\"><i>Maria de F\u00e1tima Enderen\u00e7o Ferreira<\/i><\/p><p style=\"text-align: left; padding-left: 40px;\" align=\"center\"><span style=\"font-size: 16px;\"><strong>\u00a0<\/strong><\/span><strong>\u00a0<\/strong><\/p><p style=\"text-align: left; padding-left: 40px;\" align=\"center\"><span style=\"font-size: 16px;\"><strong>Documentos importantes:<\/strong><\/span><\/p><p style=\"text-align: left; padding-left: 40px;\" align=\"center\"><span style=\"font-size: 16px;\">1 &#8211;\u00a0<a href=\"https:\/\/www.aemora.pt\/wp-content\/uploads\/2025\/04\/Aviso_N_9189_2025_2.pdf\">Aviso_N_9189_2025_2<\/a><\/span><\/p><p style=\"text-align: left; padding-left: 40px;\" align=\"center\"><span style=\"font-size: 16px;\">2 &#8211;\u00a0<a href=\"https:\/\/www.aemora.pt\/wp-content\/uploads\/2025\/04\/Regulamento_Concurso-Diretor_Conselho-Geral.pdf\" target=\"_blank\" rel=\"noopener\">Regulamento_Concurso Diretor_AEMora<\/a><\/span><\/p><p style=\"text-align: left; padding-left: 40px;\" align=\"center\"><span style=\"font-size: 16px;\">3 &#8211;\u00a0<a href=\"https:\/\/www.aemora.pt\/wp-content\/uploads\/2025\/04\/Requerimento_Admissao-Procedimento-Concursal-Diretor_Conselho-Geral.pdf\" target=\"_blank\" rel=\"noopener\">Requerimento_Admissao Procedimento Concursal Diretor_AEMora<\/a><\/span><\/p>\t\t\t\t\t\t\t\t<\/div>\n\t\t\t\t<\/div>\n\t\t\t\t<div class=\"elementor-element elementor-element-5532eb2 elementor-widget-divider--view-line elementor-widget elementor-widget-divider\" data-id=\"5532eb2\" data-element_type=\"widget\" data-e-type=\"widget\" data-widget_type=\"divider.default\">\n\t\t\t\t<div class=\"elementor-widget-container\">\n\t\t\t\t\t\t\t<div class=\"elementor-divider\">\n\t\t\t<span class=\"elementor-divider-separator\">\n\t\t\t\t\t\t<\/span>\n\t\t<\/div>\n\t\t\t\t\t\t<\/div>\n\t\t\t\t<\/div>\n\t\t\t\t<div class=\"elementor-element elementor-element-0cf6144 elementor-widget elementor-widget-heading\" data-id=\"0cf6144\" data-element_type=\"widget\" data-e-type=\"widget\" data-widget_type=\"heading.default\">\n\t\t\t\t<div class=\"elementor-widget-container\">\n\t\t\t\t\t<h2 class=\"elementor-heading-title elementor-size-default\">1 - Aviso n\u00ba 9189\/2025\/2<br><br>Abertura do procedimento concursal para elei\u00e7\u00e3o do\/a Diretor\/a do Agrupamento de Escolas de Mora<\/h2>\t\t\t\t<\/div>\n\t\t\t\t<\/div>\n\t\t\t\t<div class=\"elementor-element elementor-element-de09dc3 elementor-widget elementor-widget-image\" data-id=\"de09dc3\" data-element_type=\"widget\" data-e-type=\"widget\" data-widget_type=\"image.default\">\n\t\t\t\t<div class=\"elementor-widget-container\">\n\t\t\t\t\t\t\t\t\t\t\t\t\t\t\t<img fetchpriority=\"high\" decoding=\"async\" width=\"1024\" height=\"734\" src=\"https:\/\/www.aemora.pt\/wp-content\/uploads\/2025\/04\/aviso_abertura2-1024x734.png\" class=\"attachment-large size-large wp-image-80522\" alt=\"\" srcset=\"https:\/\/www.aemora.pt\/wp-content\/uploads\/2025\/04\/aviso_abertura2-1024x734.png 1024w, https:\/\/www.aemora.pt\/wp-content\/uploads\/2025\/04\/aviso_abertura2-300x215.png 300w, https:\/\/www.aemora.pt\/wp-content\/uploads\/2025\/04\/aviso_abertura2-768x551.png 768w, https:\/\/www.aemora.pt\/wp-content\/uploads\/2025\/04\/aviso_abertura2.png 1077w\" sizes=\"(max-width: 1024px) 100vw, 1024px\" \/>\t\t\t\t\t\t\t\t\t\t\t\t\t\t\t<\/div>\n\t\t\t\t<\/div>\n\t\t\t\t<div class=\"elementor-element elementor-element-202055a elementor-widget-divider--view-line elementor-widget elementor-widget-divider\" data-id=\"202055a\" data-element_type=\"widget\" data-e-type=\"widget\" data-widget_type=\"divider.default\">\n\t\t\t\t<div class=\"elementor-widget-container\">\n\t\t\t\t\t\t\t<div class=\"elementor-divider\">\n\t\t\t<span class=\"elementor-divider-separator\">\n\t\t\t\t\t\t<\/span>\n\t\t<\/div>\n\t\t\t\t\t\t<\/div>\n\t\t\t\t<\/div>\n\t\t\t\t<div class=\"elementor-element elementor-element-3875f4d elementor-widget elementor-widget-heading\" data-id=\"3875f4d\" data-element_type=\"widget\" data-e-type=\"widget\" data-widget_type=\"heading.default\">\n\t\t\t\t<div class=\"elementor-widget-container\">\n\t\t\t\t\t<h2 class=\"elementor-heading-title elementor-size-default\">2 - Regulamento do Procedimento Concursal de Recrutamento do\/a Diretor\/a do Agrupamento de Escolas de Mora<\/h2>\t\t\t\t<\/div>\n\t\t\t\t<\/div>\n\t\t\t\t\t<\/div>\n\t\t\t\t<\/div>\n\t\t<div class=\"elementor-element elementor-element-de3e5f6 e-grid e-con-boxed e-con e-parent\" data-id=\"de3e5f6\" data-element_type=\"container\" data-e-type=\"container\">\n\t\t\t\t\t<div class=\"e-con-inner\">\n\t\t\t\t<div class=\"elementor-element elementor-element-a12ef0e elementor-widget elementor-widget-image\" data-id=\"a12ef0e\" data-element_type=\"widget\" data-e-type=\"widget\" data-widget_type=\"image.default\">\n\t\t\t\t<div class=\"elementor-widget-container\">\n\t\t\t\t\t\t\t\t\t\t\t\t\t\t\t<img decoding=\"async\" width=\"711\" height=\"1024\" src=\"https:\/\/www.aemora.pt\/wp-content\/uploads\/2025\/04\/regulamentopg1-711x1024.png\" class=\"attachment-large size-large wp-image-80523\" alt=\"\" srcset=\"https:\/\/www.aemora.pt\/wp-content\/uploads\/2025\/04\/regulamentopg1-711x1024.png 711w, https:\/\/www.aemora.pt\/wp-content\/uploads\/2025\/04\/regulamentopg1-208x300.png 208w, https:\/\/www.aemora.pt\/wp-content\/uploads\/2025\/04\/regulamentopg1.png 737w\" sizes=\"(max-width: 711px) 100vw, 711px\" \/>\t\t\t\t\t\t\t\t\t\t\t\t\t\t\t<\/div>\n\t\t\t\t<\/div>\n\t\t\t\t<div class=\"elementor-element elementor-element-262a239 elementor-widget elementor-widget-image\" data-id=\"262a239\" data-element_type=\"widget\" data-e-type=\"widget\" data-widget_type=\"image.default\">\n\t\t\t\t<div class=\"elementor-widget-container\">\n\t\t\t\t\t\t\t\t\t\t\t\t\t\t\t<img decoding=\"async\" width=\"717\" height=\"1024\" src=\"https:\/\/www.aemora.pt\/wp-content\/uploads\/2025\/04\/regulamentopg2-717x1024.png\" class=\"attachment-large size-large wp-image-80524\" alt=\"\" srcset=\"https:\/\/www.aemora.pt\/wp-content\/uploads\/2025\/04\/regulamentopg2-717x1024.png 717w, https:\/\/www.aemora.pt\/wp-content\/uploads\/2025\/04\/regulamentopg2-210x300.png 210w, https:\/\/www.aemora.pt\/wp-content\/uploads\/2025\/04\/regulamentopg2.png 747w\" sizes=\"(max-width: 717px) 100vw, 717px\" \/>\t\t\t\t\t\t\t\t\t\t\t\t\t\t\t<\/div>\n\t\t\t\t<\/div>\n\t\t\t\t<div class=\"elementor-element elementor-element-c7e2453 elementor-widget elementor-widget-image\" data-id=\"c7e2453\" data-element_type=\"widget\" data-e-type=\"widget\" data-widget_type=\"image.default\">\n\t\t\t\t<div class=\"elementor-widget-container\">\n\t\t\t\t\t\t\t\t\t\t\t\t\t\t\t<img loading=\"lazy\" decoding=\"async\" width=\"714\" height=\"1024\" src=\"https:\/\/www.aemora.pt\/wp-content\/uploads\/2025\/04\/regulamentopg3-714x1024.png\" class=\"attachment-large size-large wp-image-80525\" alt=\"\" srcset=\"https:\/\/www.aemora.pt\/wp-content\/uploads\/2025\/04\/regulamentopg3-714x1024.png 714w, https:\/\/www.aemora.pt\/wp-content\/uploads\/2025\/04\/regulamentopg3-209x300.png 209w, https:\/\/www.aemora.pt\/wp-content\/uploads\/2025\/04\/regulamentopg3.png 741w\" sizes=\"(max-width: 714px) 100vw, 714px\" \/>\t\t\t\t\t\t\t\t\t\t\t\t\t\t\t<\/div>\n\t\t\t\t<\/div>\n\t\t\t\t<div class=\"elementor-element elementor-element-eb436c1 elementor-widget elementor-widget-image\" data-id=\"eb436c1\" data-element_type=\"widget\" data-e-type=\"widget\" data-widget_type=\"image.default\">\n\t\t\t\t<div class=\"elementor-widget-container\">\n\t\t\t\t\t\t\t\t\t\t\t\t\t\t\t<img loading=\"lazy\" decoding=\"async\" width=\"710\" height=\"1024\" src=\"https:\/\/www.aemora.pt\/wp-content\/uploads\/2025\/04\/regulamentopg4-710x1024.png\" class=\"attachment-large size-large wp-image-80526\" alt=\"\" srcset=\"https:\/\/www.aemora.pt\/wp-content\/uploads\/2025\/04\/regulamentopg4-710x1024.png 710w, https:\/\/www.aemora.pt\/wp-content\/uploads\/2025\/04\/regulamentopg4-208x300.png 208w, https:\/\/www.aemora.pt\/wp-content\/uploads\/2025\/04\/regulamentopg4.png 737w\" sizes=\"(max-width: 710px) 100vw, 710px\" \/>\t\t\t\t\t\t\t\t\t\t\t\t\t\t\t<\/div>\n\t\t\t\t<\/div>\n\t\t\t\t<div class=\"elementor-element elementor-element-26b9e05 elementor-widget elementor-widget-image\" data-id=\"26b9e05\" data-element_type=\"widget\" data-e-type=\"widget\" data-widget_type=\"image.default\">\n\t\t\t\t<div class=\"elementor-widget-container\">\n\t\t\t\t\t\t\t\t\t\t\t\t\t\t\t<img loading=\"lazy\" decoding=\"async\" width=\"717\" height=\"1024\" src=\"https:\/\/www.aemora.pt\/wp-content\/uploads\/2025\/04\/regulamentopg5-717x1024.png\" class=\"attachment-large size-large wp-image-80527\" alt=\"\" srcset=\"https:\/\/www.aemora.pt\/wp-content\/uploads\/2025\/04\/regulamentopg5-717x1024.png 717w, https:\/\/www.aemora.pt\/wp-content\/uploads\/2025\/04\/regulamentopg5-210x300.png 210w, https:\/\/www.aemora.pt\/wp-content\/uploads\/2025\/04\/regulamentopg5.png 747w\" sizes=\"(max-width: 717px) 100vw, 717px\" \/>\t\t\t\t\t\t\t\t\t\t\t\t\t\t\t<\/div>\n\t\t\t\t<\/div>\n\t\t\t\t\t<\/div>\n\t\t\t\t<\/div>\n\t\t<div class=\"elementor-element elementor-element-cb8bb8f e-flex e-con-boxed e-con e-parent\" data-id=\"cb8bb8f\" data-element_type=\"container\" data-e-type=\"container\">\n\t\t\t\t\t<div class=\"e-con-inner\">\n\t\t\t\t<div class=\"elementor-element elementor-element-d9cb382 elementor-widget-divider--view-line elementor-widget elementor-widget-divider\" data-id=\"d9cb382\" data-element_type=\"widget\" data-e-type=\"widget\" data-widget_type=\"divider.default\">\n\t\t\t\t<div class=\"elementor-widget-container\">\n\t\t\t\t\t\t\t<div class=\"elementor-divider\">\n\t\t\t<span class=\"elementor-divider-separator\">\n\t\t\t\t\t\t<\/span>\n\t\t<\/div>\n\t\t\t\t\t\t<\/div>\n\t\t\t\t<\/div>\n\t\t\t\t\t<\/div>\n\t\t\t\t<\/div>\n\t\t<div class=\"elementor-element elementor-element-1d714fa e-flex e-con-boxed e-con e-parent\" data-id=\"1d714fa\" data-element_type=\"container\" data-e-type=\"container\">\n\t\t\t\t\t<div class=\"e-con-inner\">\n\t\t\t\t<div class=\"elementor-element elementor-element-dbea948 elementor-widget elementor-widget-heading\" data-id=\"dbea948\" data-element_type=\"widget\" data-e-type=\"widget\" data-widget_type=\"heading.default\">\n\t\t\t\t<div class=\"elementor-widget-container\">\n\t\t\t\t\t<h2 class=\"elementor-heading-title elementor-size-default\">3 - Requerimento de admiss\u00e3o ao procedimento concursal para Diretor\/a do Agrupamento de Escolas de Mora<\/h2>\t\t\t\t<\/div>\n\t\t\t\t<\/div>\n\t\t\t\t<div class=\"elementor-element elementor-element-ebcbda4 elementor-widget elementor-widget-image\" data-id=\"ebcbda4\" data-element_type=\"widget\" data-e-type=\"widget\" data-widget_type=\"image.default\">\n\t\t\t\t<div class=\"elementor-widget-container\">\n\t\t\t\t\t\t\t\t\t\t\t\t\t\t\t<img loading=\"lazy\" decoding=\"async\" width=\"721\" height=\"1024\" src=\"https:\/\/www.aemora.pt\/wp-content\/uploads\/2025\/04\/requerimento-721x1024.png\" class=\"attachment-large size-large wp-image-80532\" alt=\"\" srcset=\"https:\/\/www.aemora.pt\/wp-content\/uploads\/2025\/04\/requerimento-721x1024.png 721w, https:\/\/www.aemora.pt\/wp-content\/uploads\/2025\/04\/requerimento-211x300.png 211w, https:\/\/www.aemora.pt\/wp-content\/uploads\/2025\/04\/requerimento.png 748w\" sizes=\"(max-width: 721px) 100vw, 721px\" \/>\t\t\t\t\t\t\t\t\t\t\t\t\t\t\t<\/div>\n\t\t\t\t<\/div>\n\t\t\t\t\t<\/div>\n\t\t\t\t<\/div>\n\t\t\t\t<\/div>\n\t\t","protected":false},"excerpt":{"rendered":"<p>\u00a0 a AVISO Abertura do procedimento concursal para a elei\u00e7\u00e3o do\/a Diretor\/a do Agrupamento de Escolas de Mora Nos termos do disposto nos artigos 21.\u00ba&hellip;<\/p>\n","protected":false},"author":5,"featured_media":0,"parent":358,"menu_order":0,"comment_status":"closed","ping_status":"closed","template":"","meta":{"_EventAllDay":false,"_EventTimezone":"","_EventStartDate":"","_EventEndDate":"","_EventStartDateUTC":"","_EventEndDateUTC":"","_EventShowMap":false,"_EventShowMapLink":false,"_EventURL":"","_EventCost":"","_EventCostDescription":"","_EventCurrencySymbol":"","_EventCurrencyCode":"","_EventCurrencyPosition":"","_EventDateTimeSeparator":"","_EventTimeRangeSeparator":"","_EventOrganizerID":[],"_EventVenueID":[],"_OrganizerEmail":"","_OrganizerPhone":"","_OrganizerWebsite":"","_VenueAddress":"","_VenueCity":"","_VenueCountry":"","_VenueProvince":"","_VenueState":"","_VenueZip":"","_VenuePhone":"","_VenueURL":"","_VenueStateProvince":"","_VenueLat":"","_VenueLng":"","_VenueShowMap":false,"_VenueShowMapLink":false,"footnotes":""},"class_list":["post-80497","page","type-page","status-publish","hentry"],"featured_image_url":[],"post_author":"Paulo Torres","assigned_categories":"","_links":{"self":[{"href":"https:\/\/www.aemora.pt\/index.php?rest_route=\/wp\/v2\/pages\/80497","targetHints":{"allow":["GET"]}}],"collection":[{"href":"https:\/\/www.aemora.pt\/index.php?rest_route=\/wp\/v2\/pages"}],"about":[{"href":"https:\/\/www.aemora.pt\/index.php?rest_route=\/wp\/v2\/types\/page"}],"author":[{"embeddable":true,"href":"https:\/\/www.aemora.pt\/index.php?rest_route=\/wp\/v2\/users\/5"}],"replies":[{"embeddable":true,"href":"https:\/\/www.aemora.pt\/index.php?rest_route=%2Fwp%2Fv2%2Fcomments&post=80497"}],"version-history":[{"count":38,"href":"https:\/\/www.aemora.pt\/index.php?rest_route=\/wp\/v2\/pages\/80497\/revisions"}],"predecessor-version":[{"id":80780,"href":"https:\/\/www.aemora.pt\/index.php?rest_route=\/wp\/v2\/pages\/80497\/revisions\/80780"}],"up":[{"embeddable":true,"href":"https:\/\/www.aemora.pt\/index.php?rest_route=\/wp\/v2\/pages\/358"}],"wp:attachment":[{"href":"https:\/\/www.aemora.pt\/index.php?rest_route=%2Fwp%2Fv2%2Fmedia&parent=80497"}],"curies":[{"name":"wp","href":"https:\/\/api.w.org\/{rel}","templated":true}]}}