{"id":8194,"date":"2021-07-19T11:01:16","date_gmt":"2021-07-19T10:01:16","guid":{"rendered":"https:\/\/www.aemora.pt\/?page_id=8194"},"modified":"2021-07-19T11:05:11","modified_gmt":"2021-07-19T10:05:11","slug":"19-07-2021","status":"publish","type":"page","link":"https:\/\/www.aemora.pt\/?page_id=8194","title":{"rendered":"19.07.2021"},"content":{"rendered":"\t\t<div data-elementor-type=\"wp-page\" data-elementor-id=\"8194\" class=\"elementor elementor-8194\" data-elementor-post-type=\"page\">\n\t\t\t\t\t\t<section class=\"elementor-section elementor-top-section elementor-element elementor-element-d1206d2 elementor-section-boxed elementor-section-height-default elementor-section-height-default\" data-id=\"d1206d2\" data-element_type=\"section\" data-e-type=\"section\">\n\t\t\t\t\t\t<div class=\"elementor-container elementor-column-gap-default\">\n\t\t\t\t\t<div class=\"elementor-column elementor-col-100 elementor-top-column elementor-element elementor-element-394026a\" data-id=\"394026a\" data-element_type=\"column\" data-e-type=\"column\">\n\t\t\t<div class=\"elementor-widget-wrap elementor-element-populated\">\n\t\t\t\t\t\t<div class=\"elementor-element elementor-element-85d33ed elementor-widget elementor-widget-heading\" data-id=\"85d33ed\" data-element_type=\"widget\" data-e-type=\"widget\" data-widget_type=\"heading.default\">\n\t\t\t\t<div class=\"elementor-widget-container\">\n\t\t\t\t\t<h2 class=\"elementor-heading-title elementor-size-default\">Lista de Classifica\u00e7\u00e3o Curricular<\/h2>\t\t\t\t<\/div>\n\t\t\t\t<\/div>\n\t\t\t\t\t<\/div>\n\t\t<\/div>\n\t\t\t\t\t<\/div>\n\t\t<\/section>\n\t\t\t\t<section class=\"elementor-section elementor-top-section elementor-element elementor-element-67182bb elementor-section-boxed elementor-section-height-default elementor-section-height-default\" data-id=\"67182bb\" data-element_type=\"section\" data-e-type=\"section\">\n\t\t\t\t\t\t<div class=\"elementor-container elementor-column-gap-default\">\n\t\t\t\t\t<div class=\"elementor-column elementor-col-100 elementor-top-column elementor-element elementor-element-30aa09a\" data-id=\"30aa09a\" data-element_type=\"column\" data-e-type=\"column\">\n\t\t\t<div class=\"elementor-widget-wrap elementor-element-populated\">\n\t\t\t\t\t\t<div class=\"elementor-element elementor-element-fe38b95 elementor-widget elementor-widget-text-editor\" data-id=\"fe38b95\" data-element_type=\"widget\" data-e-type=\"widget\" data-widget_type=\"text-editor.default\">\n\t\t\t\t<div class=\"elementor-widget-container\">\n\t\t\t\t\t\t\t\t\t<p><a name=\"_Hlk45212580\"><\/a>Procedimento concursal comum de recrutamento para o preenchimento de\u00a0postos de trabalho em regime de contrato de trabalho em fun\u00e7\u00f5es p\u00fablicas por tempo indeterminado\u00a0para a carreira e categoria de\u00a0<b>assistente t\u00e9cnico<\/b>,\u00a0tendo em vista assegurar necessidades permanentes.<\/p>\t\t\t\t\t\t\t\t<\/div>\n\t\t\t\t<\/div>\n\t\t\t\t\t<\/div>\n\t\t<\/div>\n\t\t\t\t\t<\/div>\n\t\t<\/section>\n\t\t\t\t<section class=\"elementor-section elementor-top-section elementor-element elementor-element-32c2070 elementor-section-boxed elementor-section-height-default elementor-section-height-default\" data-id=\"32c2070\" data-element_type=\"section\" data-e-type=\"section\">\n\t\t\t\t\t\t<div class=\"elementor-container elementor-column-gap-default\">\n\t\t\t\t\t<div class=\"elementor-column elementor-col-100 elementor-top-column elementor-element elementor-element-32f8ccd\" data-id=\"32f8ccd\" data-element_type=\"column\" data-e-type=\"column\">\n\t\t\t<div class=\"elementor-widget-wrap elementor-element-populated\">\n\t\t\t\t\t\t<div class=\"elementor-element elementor-element-2fae345 elementor-widget elementor-widget-image-gallery\" data-id=\"2fae345\" data-element_type=\"widget\" data-e-type=\"widget\" data-widget_type=\"image-gallery.default\">\n\t\t\t\t<div class=\"elementor-widget-container\">\n\t\t\t\t\t\t\t<div class=\"elementor-image-gallery\">\n\t\t\t<div id='gallery-1' class='gallery galleryid-8194 gallery-columns-1 gallery-size-2048x2048'><figure class='gallery-item'>\n\t\t\t<div class='gallery-icon portrait'>\n\t\t\t\t<a data-elementor-open-lightbox=\"yes\" data-elementor-lightbox-slideshow=\"2fae345\" data-elementor-lightbox-title=\"Lista Classificacao Curricular_AT_2021-1\" data-e-action-hash=\"#elementor-action%3Aaction%3Dlightbox%26settings%3DeyJpZCI6ODE5NiwidXJsIjoiaHR0cHM6XC9cL3d3dy5hZW1vcmEucHRcL3dwLWNvbnRlbnRcL3VwbG9hZHNcLzIwMjFcLzA3XC9MaXN0YS1DbGFzc2lmaWNhY2FvLUN1cnJpY3VsYXJfQVRfMjAyMS0xLnBuZyIsInNsaWRlc2hvdyI6IjJmYWUzNDUifQ%3D%3D\" href='https:\/\/www.aemora.pt\/wp-content\/uploads\/2021\/07\/Lista-Classificacao-Curricular_AT_2021-1.png'><img fetchpriority=\"high\" decoding=\"async\" width=\"1450\" height=\"2048\" src=\"https:\/\/www.aemora.pt\/wp-content\/uploads\/2021\/07\/Lista-Classificacao-Curricular_AT_2021-1-1450x2048.png\" class=\"attachment-2048x2048 size-2048x2048\" alt=\"\" srcset=\"https:\/\/www.aemora.pt\/wp-content\/uploads\/2021\/07\/Lista-Classificacao-Curricular_AT_2021-1-1450x2048.png 1450w, https:\/\/www.aemora.pt\/wp-content\/uploads\/2021\/07\/Lista-Classificacao-Curricular_AT_2021-1-212x300.png 212w, https:\/\/www.aemora.pt\/wp-content\/uploads\/2021\/07\/Lista-Classificacao-Curricular_AT_2021-1-725x1024.png 725w, https:\/\/www.aemora.pt\/wp-content\/uploads\/2021\/07\/Lista-Classificacao-Curricular_AT_2021-1-768x1085.png 768w, https:\/\/www.aemora.pt\/wp-content\/uploads\/2021\/07\/Lista-Classificacao-Curricular_AT_2021-1-1087x1536.png 1087w, https:\/\/www.aemora.pt\/wp-content\/uploads\/2021\/07\/Lista-Classificacao-Curricular_AT_2021-1.png 1656w\" sizes=\"(max-width: 1450px) 100vw, 1450px\" \/><\/a>\n\t\t\t<\/div><\/figure>\n\t\t<\/div>\n\t\t<\/div>\n\t\t\t\t\t\t<\/div>\n\t\t\t\t<\/div>\n\t\t\t\t\t<\/div>\n\t\t<\/div>\n\t\t\t\t\t<\/div>\n\t\t<\/section>\n\t\t\t\t<\/div>\n\t\t","protected":false},"excerpt":{"rendered":"<p>Lista de Classifica\u00e7\u00e3o Curricular Procedimento concursal comum de recrutamento para o preenchimento de\u00a0postos de trabalho em regime de contrato de trabalho em fun\u00e7\u00f5es p\u00fablicas por&hellip;<\/p>\n","protected":false},"author":5,"featured_media":0,"parent":0,"menu_order":0,"comment_status":"closed","ping_status":"closed","template":"","meta":{"_EventAllDay":false,"_EventTimezone":"","_EventStartDate":"","_EventEndDate":"","_EventStartDateUTC":"","_EventEndDateUTC":"","_EventShowMap":false,"_EventShowMapLink":false,"_EventURL":"","_EventCost":"","_EventCostDescription":"","_EventCurrencySymbol":"","_EventCurrencyCode":"","_EventCurrencyPosition":"","_EventDateTimeSeparator":"","_EventTimeRangeSeparator":"","_EventOrganizerID":[],"_EventVenueID":[],"_OrganizerEmail":"","_OrganizerPhone":"","_OrganizerWebsite":"","_VenueAddress":"","_VenueCity":"","_VenueCountry":"","_VenueProvince":"","_VenueState":"","_VenueZip":"","_VenuePhone":"","_VenueURL":"","_VenueStateProvince":"","_VenueLat":"","_VenueLng":"","_VenueShowMap":false,"_VenueShowMapLink":false,"footnotes":""},"class_list":["post-8194","page","type-page","status-publish","hentry"],"featured_image_url":[],"post_author":"Paulo Torres","assigned_categories":"","_links":{"self":[{"href":"https:\/\/www.aemora.pt\/index.php?rest_route=\/wp\/v2\/pages\/8194","targetHints":{"allow":["GET"]}}],"collection":[{"href":"https:\/\/www.aemora.pt\/index.php?rest_route=\/wp\/v2\/pages"}],"about":[{"href":"https:\/\/www.aemora.pt\/index.php?rest_route=\/wp\/v2\/types\/page"}],"author":[{"embeddable":true,"href":"https:\/\/www.aemora.pt\/index.php?rest_route=\/wp\/v2\/users\/5"}],"replies":[{"embeddable":true,"href":"https:\/\/www.aemora.pt\/index.php?rest_route=%2Fwp%2Fv2%2Fcomments&post=8194"}],"version-history":[{"count":4,"href":"https:\/\/www.aemora.pt\/index.php?rest_route=\/wp\/v2\/pages\/8194\/revisions"}],"predecessor-version":[{"id":8199,"href":"https:\/\/www.aemora.pt\/index.php?rest_route=\/wp\/v2\/pages\/8194\/revisions\/8199"}],"wp:attachment":[{"href":"https:\/\/www.aemora.pt\/index.php?rest_route=%2Fwp%2Fv2%2Fmedia&parent=8194"}],"curies":[{"name":"wp","href":"https:\/\/api.w.org\/{rel}","templated":true}]}}