{"id":82301,"date":"2025-09-21T10:25:52","date_gmt":"2025-09-21T09:25:52","guid":{"rendered":"https:\/\/www.aemora.pt\/?page_id=82301"},"modified":"2025-09-21T10:29:02","modified_gmt":"2025-09-21T09:29:02","slug":"teste-2","status":"publish","type":"page","link":"https:\/\/www.aemora.pt\/?page_id=82301","title":{"rendered":"P\u00e1gina de Artigos por M\u00eas de Publica\u00e7\u00e3o"},"content":{"rendered":"\t\t<div data-elementor-type=\"wp-page\" data-elementor-id=\"82301\" class=\"elementor elementor-82301\" data-elementor-post-type=\"page\">\n\t\t\t\t<div class=\"elementor-element elementor-element-b7ee160 e-flex e-con-boxed e-con e-parent\" data-id=\"b7ee160\" data-element_type=\"container\" data-e-type=\"container\">\n\t\t\t\t\t<div class=\"e-con-inner\">\n\t\t\t\t<div class=\"elementor-element elementor-element-d4b6ecb elementor-widget elementor-widget-wp-widget-archives\" data-id=\"d4b6ecb\" data-element_type=\"widget\" data-e-type=\"widget\" data-widget_type=\"wp-widget-archives.default\">\n\t\t\t\t<div class=\"elementor-widget-container\">\n\t\t\t\t\t<h5>Arquivo<\/h5>\t\t<label class=\"screen-reader-text\" for=\"archives-dropdown-REPLACE_TO_ID\">Arquivo<\/label>\n\t\t<select id=\"archives-dropdown-REPLACE_TO_ID\" name=\"archive-dropdown\">\n\t\t\t\n\t\t\t<option value=\"\">Seleccionar m\u00eas<\/option>\n\t\t\t\t<option value='https:\/\/www.aemora.pt\/?m=202605'> Maio 2026 &nbsp;(4)<\/option>\n\t<option value='https:\/\/www.aemora.pt\/?m=202604'> Abril 2026 &nbsp;(4)<\/option>\n\t<option value='https:\/\/www.aemora.pt\/?m=202603'> Mar\u00e7o 2026 &nbsp;(10)<\/option>\n\t<option value='https:\/\/www.aemora.pt\/?m=202602'> Fevereiro 2026 &nbsp;(33)<\/option>\n\t<option value='https:\/\/www.aemora.pt\/?m=202601'> Janeiro 2026 &nbsp;(27)<\/option>\n\t<option value='https:\/\/www.aemora.pt\/?m=202512'> Dezembro 2025 &nbsp;(21)<\/option>\n\t<option value='https:\/\/www.aemora.pt\/?m=202511'> Novembro 2025 &nbsp;(32)<\/option>\n\t<option value='https:\/\/www.aemora.pt\/?m=202510'> Outubro 2025 &nbsp;(32)<\/option>\n\t<option value='https:\/\/www.aemora.pt\/?m=202509'> Setembro 2025 &nbsp;(17)<\/option>\n\t<option value='https:\/\/www.aemora.pt\/?m=202507'> Julho 2025 &nbsp;(5)<\/option>\n\t<option value='https:\/\/www.aemora.pt\/?m=202506'> Junho 2025 &nbsp;(11)<\/option>\n\t<option value='https:\/\/www.aemora.pt\/?m=202505'> Maio 2025 &nbsp;(14)<\/option>\n\t<option value='https:\/\/www.aemora.pt\/?m=202504'> Abril 2025 &nbsp;(7)<\/option>\n\t<option value='https:\/\/www.aemora.pt\/?m=202503'> Mar\u00e7o 2025 &nbsp;(12)<\/option>\n\t<option value='https:\/\/www.aemora.pt\/?m=202502'> Fevereiro 2025 &nbsp;(5)<\/option>\n\t<option value='https:\/\/www.aemora.pt\/?m=202501'> Janeiro 2025 &nbsp;(1)<\/option>\n\t<option value='https:\/\/www.aemora.pt\/?m=202412'> Dezembro 2024 &nbsp;(3)<\/option>\n\t<option value='https:\/\/www.aemora.pt\/?m=202410'> Outubro 2024 &nbsp;(3)<\/option>\n\t<option value='https:\/\/www.aemora.pt\/?m=202409'> Setembro 2024 &nbsp;(5)<\/option>\n\t<option value='https:\/\/www.aemora.pt\/?m=202408'> Agosto 2024 &nbsp;(1)<\/option>\n\t<option value='https:\/\/www.aemora.pt\/?m=202407'> Julho 2024 &nbsp;(4)<\/option>\n\t<option value='https:\/\/www.aemora.pt\/?m=202406'> Junho 2024 &nbsp;(4)<\/option>\n\t<option value='https:\/\/www.aemora.pt\/?m=202211'> Novembro 2022 &nbsp;(1)<\/option>\n\t<option value='https:\/\/www.aemora.pt\/?m=202206'> Junho 2022 &nbsp;(1)<\/option>\n\t<option value='https:\/\/www.aemora.pt\/?m=202205'> Maio 2022 &nbsp;(1)<\/option>\n\t<option value='https:\/\/www.aemora.pt\/?m=202201'> Janeiro 2022 &nbsp;(1)<\/option>\n\n\t\t<\/select>\n\n\t\t\t<script>\n( ( dropdownId ) => {\n\tconst dropdown = document.getElementById( dropdownId );\n\tfunction onSelectChange() {\n\t\tsetTimeout( () => {\n\t\t\tif ( 'escape' === dropdown.dataset.lastkey ) {\n\t\t\t\treturn;\n\t\t\t}\n\t\t\tif ( dropdown.value ) {\n\t\t\t\tdocument.location.href = dropdown.value;\n\t\t\t}\n\t\t}, 250 );\n\t}\n\tfunction onKeyUp( event ) {\n\t\tif ( 'Escape' === event.key ) {\n\t\t\tdropdown.dataset.lastkey = 'escape';\n\t\t} else {\n\t\t\tdelete dropdown.dataset.lastkey;\n\t\t}\n\t}\n\tfunction onClick() {\n\t\tdelete dropdown.dataset.lastkey;\n\t}\n\tdropdown.addEventListener( 'keyup', onKeyUp );\n\tdropdown.addEventListener( 'click', onClick );\n\tdropdown.addEventListener( 'change', onSelectChange );\n})( \"archives-dropdown-REPLACE_TO_ID\" );\n\n\/\/# sourceURL=WP_Widget_Archives%3A%3Awidget\n<\/script>\n\t\t\t\t<\/div>\n\t\t\t\t<\/div>\n\t\t\t\t\t<\/div>\n\t\t\t\t<\/div>\n\t\t\t\t<\/div>\n\t\t","protected":false},"excerpt":{"rendered":"","protected":false},"author":5,"featured_media":0,"parent":0,"menu_order":0,"comment_status":"closed","ping_status":"closed","template":"elementor_theme","meta":{"_EventAllDay":false,"_EventTimezone":"","_EventStartDate":"","_EventEndDate":"","_EventStartDateUTC":"","_EventEndDateUTC":"","_EventShowMap":false,"_EventShowMapLink":false,"_EventURL":"","_EventCost":"","_EventCostDescription":"","_EventCurrencySymbol":"","_EventCurrencyCode":"","_EventCurrencyPosition":"","_EventDateTimeSeparator":"","_EventTimeRangeSeparator":"","_EventOrganizerID":[],"_EventVenueID":[],"_OrganizerEmail":"","_OrganizerPhone":"","_OrganizerWebsite":"","_VenueAddress":"","_VenueCity":"","_VenueCountry":"","_VenueProvince":"","_VenueState":"","_VenueZip":"","_VenuePhone":"","_VenueURL":"","_VenueStateProvince":"","_VenueLat":"","_VenueLng":"","_VenueShowMap":false,"_VenueShowMapLink":false,"footnotes":""},"class_list":["post-82301","page","type-page","status-publish","hentry"],"featured_image_url":[],"post_author":"Paulo Torres","assigned_categories":"","_links":{"self":[{"href":"https:\/\/www.aemora.pt\/index.php?rest_route=\/wp\/v2\/pages\/82301","targetHints":{"allow":["GET"]}}],"collection":[{"href":"https:\/\/www.aemora.pt\/index.php?rest_route=\/wp\/v2\/pages"}],"about":[{"href":"https:\/\/www.aemora.pt\/index.php?rest_route=\/wp\/v2\/types\/page"}],"author":[{"embeddable":true,"href":"https:\/\/www.aemora.pt\/index.php?rest_route=\/wp\/v2\/users\/5"}],"replies":[{"embeddable":true,"href":"https:\/\/www.aemora.pt\/index.php?rest_route=%2Fwp%2Fv2%2Fcomments&post=82301"}],"version-history":[{"count":5,"href":"https:\/\/www.aemora.pt\/index.php?rest_route=\/wp\/v2\/pages\/82301\/revisions"}],"predecessor-version":[{"id":82307,"href":"https:\/\/www.aemora.pt\/index.php?rest_route=\/wp\/v2\/pages\/82301\/revisions\/82307"}],"wp:attachment":[{"href":"https:\/\/www.aemora.pt\/index.php?rest_route=%2Fwp%2Fv2%2Fmedia&parent=82301"}],"curies":[{"name":"wp","href":"https:\/\/api.w.org\/{rel}","templated":true}]}}