{"id":83650,"date":"2026-02-14T01:46:43","date_gmt":"2026-02-14T00:46:43","guid":{"rendered":"https:\/\/www.aemora.pt\/?page_id=83650"},"modified":"2026-02-14T01:46:43","modified_gmt":"2026-02-14T00:46:43","slug":"objetivos-funcoes-da-equipa","status":"publish","type":"page","link":"https:\/\/www.aemora.pt\/?page_id=83650","title":{"rendered":"Objetivos\/Fun\u00e7\u00f5es da Equipa"},"content":{"rendered":"<h2 style=\"text-align: center;\">Objetivos\/fun\u00e7\u00f5es da Equipa de Autoavalia\u00e7\u00e3o<\/h2>\n<p style=\"text-align: justify;\">A Equipa de Autoavalia\u00e7\u00e3o Escolar do Agrupamento de Escolas de Mora, tem como objetivo geral promover uma an\u00e1lise reflexiva e sistem\u00e1tica do funcionamento da institui\u00e7\u00e3o, com vista \u00e0 melhoria cont\u00ednua. Para alcan\u00e7ar esse objetivo, s\u00e3o definidos v\u00e1rios <strong>objetivos espec\u00edficos<\/strong>, que orientam o processo de autoavalia\u00e7\u00e3o.<\/p>\n<p style=\"text-align: justify;\">Alguns desses objetivos s\u00e3o:<\/p>\n<p style=\"text-align: justify;\"><strong style=\"text-align: start; font-size: 1rem;\">Avaliar a qualidade pedag\u00f3gica<\/strong>: Analisar as pr\u00e1ticas de ensino, a efic\u00e1cia das metodologias utilizadas e os resultados de aprendizagem dos alunos, identificando boas pr\u00e1ticas e \u00e1reas a melhorar.<\/p>\n<p style=\"text-align: justify;\"><strong style=\"text-align: start; font-size: 1rem;\">Analisar o desempenho da gest\u00e3o escolar<\/strong>: Avaliar a lideran\u00e7a da escola, a organiza\u00e7\u00e3o interna, a gest\u00e3o de recursos humanos e materiais, e a implementa\u00e7\u00e3o de pol\u00edticas educacionais.<\/p>\n<p style=\"text-align: justify;\"><strong style=\"text-align: start; font-size: 1rem;\">Verificar o grau de satisfa\u00e7\u00e3o de alunos, pais e docentes<\/strong>: Recolher e analisar as opini\u00f5es de todos os intervenientes da comunidade escolar, para identificar pontos fortes e \u00e1reas em que a escola pode melhorar.<\/p>\n<p style=\"text-align: justify;\"><strong style=\"text-align: start; font-size: 1rem;\">Promover a inclus\u00e3o e a equidade<\/strong>: Avaliar as pr\u00e1ticas e pol\u00edticas da escola em rela\u00e7\u00e3o \u00e0 inclus\u00e3o de todos os alunos, independentemente das suas condi\u00e7\u00f5es sociais, culturais ou de aprendizagem, garantindo que todos tenham acesso a uma educa\u00e7\u00e3o de qualidade.<\/p>\n<p><strong>Fomentar a participa\u00e7\u00e3o da comunidade escolar<\/strong>: Envolver todos os membros da comunidade escolar (alunos, pais, professores, funcion\u00e1rios) no processo de avalia\u00e7\u00e3o, promovendo a colabora\u00e7\u00e3o e o compromisso coletivo com a melhoria da escola.<\/p>\n<p><strong>Identificar e implementar a\u00e7\u00f5es de melhoria<\/strong>: Com base nas conclus\u00f5es da autoavalia\u00e7\u00e3o, propor e implementar planos de a\u00e7\u00e3o concretos para corrigir defici\u00eancias e potenciar os pontos fortes da escola.<\/p>\n<p><strong>Monitorizar e acompanhar a evolu\u00e7\u00e3o<\/strong>: Estabelecer mecanismos de acompanhamento para garantir que as melhorias propostas sejam implementadas de forma eficaz e que os resultados sejam avaliados periodicamente.<\/p>\n<p>Estes objetivos espec\u00edficos contribuem para a constru\u00e7\u00e3o de um ambiente educativo de excel\u00eancia, centrado na melhoria cont\u00ednua dos processos e na adapta\u00e7\u00e3o \u00e0s necessidades da comunidade escolar.<\/p>\n","protected":false},"excerpt":{"rendered":"<p>Objetivos\/fun\u00e7\u00f5es da Equipa de Autoavalia\u00e7\u00e3o A Equipa de Autoavalia\u00e7\u00e3o Escolar do Agrupamento de Escolas de Mora, tem como objetivo geral promover uma an\u00e1lise reflexiva e&hellip;<\/p>\n","protected":false},"author":5,"featured_media":0,"parent":0,"menu_order":0,"comment_status":"closed","ping_status":"closed","template":"","meta":{"_EventAllDay":false,"_EventTimezone":"","_EventStartDate":"","_EventEndDate":"","_EventStartDateUTC":"","_EventEndDateUTC":"","_EventShowMap":false,"_EventShowMapLink":false,"_EventURL":"","_EventCost":"","_EventCostDescription":"","_EventCurrencySymbol":"","_EventCurrencyCode":"","_EventCurrencyPosition":"","_EventDateTimeSeparator":"","_EventTimeRangeSeparator":"","_EventOrganizerID":[],"_EventVenueID":[],"_OrganizerEmail":"","_OrganizerPhone":"","_OrganizerWebsite":"","_VenueAddress":"","_VenueCity":"","_VenueCountry":"","_VenueProvince":"","_VenueState":"","_VenueZip":"","_VenuePhone":"","_VenueURL":"","_VenueStateProvince":"","_VenueLat":"","_VenueLng":"","_VenueShowMap":false,"_VenueShowMapLink":false,"footnotes":""},"class_list":["post-83650","page","type-page","status-publish","hentry"],"featured_image_url":[],"post_author":"Paulo Torres","assigned_categories":"","_links":{"self":[{"href":"https:\/\/www.aemora.pt\/index.php?rest_route=\/wp\/v2\/pages\/83650","targetHints":{"allow":["GET"]}}],"collection":[{"href":"https:\/\/www.aemora.pt\/index.php?rest_route=\/wp\/v2\/pages"}],"about":[{"href":"https:\/\/www.aemora.pt\/index.php?rest_route=\/wp\/v2\/types\/page"}],"author":[{"embeddable":true,"href":"https:\/\/www.aemora.pt\/index.php?rest_route=\/wp\/v2\/users\/5"}],"replies":[{"embeddable":true,"href":"https:\/\/www.aemora.pt\/index.php?rest_route=%2Fwp%2Fv2%2Fcomments&post=83650"}],"version-history":[{"count":1,"href":"https:\/\/www.aemora.pt\/index.php?rest_route=\/wp\/v2\/pages\/83650\/revisions"}],"predecessor-version":[{"id":83652,"href":"https:\/\/www.aemora.pt\/index.php?rest_route=\/wp\/v2\/pages\/83650\/revisions\/83652"}],"wp:attachment":[{"href":"https:\/\/www.aemora.pt\/index.php?rest_route=%2Fwp%2Fv2%2Fmedia&parent=83650"}],"curies":[{"name":"wp","href":"https:\/\/api.w.org\/{rel}","templated":true}]}}