{"id":83959,"date":"2026-04-13T13:14:30","date_gmt":"2026-04-13T12:14:30","guid":{"rendered":"https:\/\/www.aemora.pt\/?page_id=83959"},"modified":"2026-04-13T13:41:54","modified_gmt":"2026-04-13T12:41:54","slug":"matriculas-ano-letivo-2026-2027","status":"publish","type":"page","link":"https:\/\/www.aemora.pt\/?page_id=83959","title":{"rendered":"Matr\u00edculas ano letivo 2026\/2027"},"content":{"rendered":"<p>&nbsp;<\/p>\n<p style=\"text-align: center;\"><span style=\"font-family: tahoma, arial, helvetica, sans-serif; font-size: 48px;\">Matriculas Ano Letivo 2026\/2027<\/span><\/p>\n<p><span style=\"font-family: tahoma, arial, helvetica, sans-serif; font-size: 28px;\">Informam-se os Encarregados de Educa\u00e7\u00e3o que, em conformidade com a legisla\u00e7\u00e3o em vigor, Despacho Normativo n.\u00ba 10-B\/2021, de 14 de abril, Despacho Normativo n.\u00ba 2-B\/2025, de 21 de mar\u00e7o e Despacho n.\u00ba 4472-A\/2026, de 6 de abril, que o Calend\u00e1rio de Matr\u00edculas para o Ano Letivo 2026\/2027 \u00e9 o seguinte:<\/span><\/p>\n<p><a href=\"https:\/\/www.aemora.pt\/wp-content\/uploads\/2026\/04\/Matriculas.png\"><img fetchpriority=\"high\" decoding=\"async\" class=\"aligncenter size-full wp-image-83968\" src=\"https:\/\/www.aemora.pt\/wp-content\/uploads\/2026\/04\/Matriculas.png\" alt=\"\" width=\"1583\" height=\"452\" srcset=\"https:\/\/www.aemora.pt\/wp-content\/uploads\/2026\/04\/Matriculas.png 1583w, https:\/\/www.aemora.pt\/wp-content\/uploads\/2026\/04\/Matriculas-300x86.png 300w, https:\/\/www.aemora.pt\/wp-content\/uploads\/2026\/04\/Matriculas-1024x292.png 1024w, https:\/\/www.aemora.pt\/wp-content\/uploads\/2026\/04\/Matriculas-768x219.png 768w, https:\/\/www.aemora.pt\/wp-content\/uploads\/2026\/04\/Matriculas-1536x439.png 1536w\" sizes=\"(max-width: 1583px) 100vw, 1583px\" \/><\/a><\/p>\n<p>&nbsp;<\/p>\n<p><span style=\"font-family: tahoma, arial, helvetica, sans-serif; font-size: 32px;\">Renovar matr\u00edcula para os outros anos sempre que pretenda ou seja necess\u00e1ria:<\/span><\/p>\n<p style=\"padding-left: 80px;\"><span style=\"font-family: tahoma, arial, helvetica, sans-serif; font-size: 28px;\">&#8211; A mudan\u00e7a de estabelecimento de educa\u00e7\u00e3o ou ensino (transfer\u00eancia de escola);<\/span><\/p>\n<p style=\"padding-left: 80px;\"><span style=\"font-family: tahoma, arial, helvetica, sans-serif; font-size: 28px;\">&#8211; A altera\u00e7\u00e3o o\/a encarregado\/a de educa\u00e7\u00e3o;\u00a0<\/span><\/p>\n<p style=\"padding-left: 80px;\"><span style=\"font-family: tahoma, arial, helvetica, sans-serif; font-size: 28px;\">&#8211; A mudan\u00e7a de curso ou de percurso formativo;<\/span><\/p>\n<p style=\"padding-left: 80px;\"><span style=\"font-family: tahoma, arial, helvetica, sans-serif; font-size: 28px;\">&#8211; A escolha de disciplinas.<\/span><\/p>\n<p><span style=\"font-family: tahoma, arial, helvetica, sans-serif; font-size: 28px;\">Para efetuar a matr\u00edcula, deve aceder \u00e0 plataforma:<\/span><\/p>\n<p style=\"text-align: center;\"><span style=\"font-family: tahoma, arial, helvetica, sans-serif; font-size: 48px;\"><a href=\"https:\/\/www.portaldasmatriculas.edu.gov.pt\/portal_matriculas\/\" target=\"_blank\" rel=\"nofollow noopener noreferrer\">Portal das Matr\u00edculas<\/a><\/span><\/p>\n<p><span style=\"font-family: tahoma, arial, helvetica, sans-serif; font-size: 28px;\">Se tiver d\u00favidas no preenchimento, poder\u00e1 contactar o Agrupamento de Escolas de Mora pelo <em><strong>telefone 266403245<\/strong><\/em> ou <em><strong>email<\/strong><\/em>:<\/span><\/p>\n<p style=\"text-align: center;\"><span style=\"font-family: tahoma, arial, helvetica, sans-serif; font-size: 28px;\"><a href=\"mailto:secretaria.ebsmora@gmail.com\">secretaria.ebsmora@gmail.com<\/a><\/span><\/p>\n<p><span style=\"font-family: tahoma, arial, helvetica, sans-serif; font-size: 28px;\"><strong>Os documentos que deve ter presente no ato da matr\u00edcula s\u00e3o os seguintes:<\/strong><\/span><\/p>\n<p style=\"padding-left: 80px;\"><span style=\"font-family: tahoma, arial, helvetica, sans-serif; font-size: 28px;\">&#8211; Cart\u00e3o de cidad\u00e3o do aluno e do encarregado de educa\u00e7\u00e3o;<\/span><\/p>\n<p style=\"padding-left: 80px;\"><span style=\"font-family: tahoma, arial, helvetica, sans-serif; font-size: 28px;\">&#8211; Foto em formato digital;<\/span><\/p>\n<p style=\"padding-left: 80px;\"><span style=\"font-family: tahoma, arial, helvetica, sans-serif; font-size: 28px;\">&#8211; Cart\u00e3o do subsistema de sa\u00fade e seguro de sa\u00fade (se aplic\u00e1vel);<\/span><\/p>\n<p style=\"padding-left: 80px;\"><span style=\"font-family: tahoma, arial, helvetica, sans-serif; font-size: 28px;\">&#8211; Comprovativo da morada ou comprovativo da entidade patronal do local de trabalho, em formato digital do encarregado de educa\u00e7\u00e3o;<\/span><\/p>\n<p style=\"padding-left: 80px;\"><span style=\"font-family: tahoma, arial, helvetica, sans-serif; font-size: 28px;\">&#8211; Comprovativo de que o aluno frequenta a escolaridade com relat\u00f3rio t\u00e9cnico-pedag\u00f3gico nos termos do Decreto-Lei n.\u00ba 54\/2018, de 6 de julho (se aplic\u00e1vel);<\/span><\/p>\n<p style=\"padding-left: 80px;\"><span style=\"font-family: tahoma, arial, helvetica, sans-serif; font-size: 28px;\">&#8211; Comprovativo da composi\u00e7\u00e3o do agregado familiar validado pela autoridade tribut\u00e1ria, apenas nas seguintes situa\u00e7\u00f5es:<\/span><\/p>\n<p style=\"padding-left: 120px;\"><span style=\"font-family: tahoma, arial, helvetica, sans-serif; font-size: 24px;\">&gt; Quando os progenitores n\u00e3o vivem em comunh\u00e3o (o aluno tem que fazer parte do agregado familiar do encarregado de educa\u00e7\u00e3o), na impossibilidade de apresentar o comprovativo validado pela autoridade tribut\u00e1ria, deve apresentar um comprovativo v\u00e1lido do poder paternal;<\/span><\/p>\n<p style=\"padding-left: 120px;\"><span style=\"font-size: 24px; font-family: tahoma, arial, helvetica, sans-serif;\">&gt; Quando o encarregado de educa\u00e7\u00e3o n\u00e3o \u00e9 um dos progenitores;<\/span><\/p>\n<blockquote>\n<p style=\"padding-left: 80px;\"><span style=\"font-size: 24px; font-family: tahoma, arial, helvetica, sans-serif;\">&gt; Quando a prefer\u00eancia de escola \u00e9 escolhida de acordo com a escola j\u00e1 frequentada por irm\u00e3os e\/ou outras crian\u00e7as pertencentes ao mesmo agregado familiar;<\/span><\/p>\n<\/blockquote>\n<p style=\"padding-left: 120px;\"><span style=\"font-family: tahoma, arial, helvetica, sans-serif; font-size: 24px;\">&gt; Declara\u00e7\u00e3o do escal\u00e3o do abono de fam\u00edlia (n\u00e3o aplic\u00e1vel ao pr\u00e9-escolar).<\/span><\/p>\n<p><span style=\"font-family: tahoma, arial, helvetica, sans-serif; font-size: 28px;\"><strong>NOTA: <\/strong>O encarregado de educa\u00e7\u00e3o n\u00e3o pode ser alterado no decurso do ano letivo, salvo casos excecionais devidamente justificados e comprovados (ver legisla\u00e7\u00e3o aplic\u00e1vel).<\/span><\/p>\n<p>&nbsp;<\/p>\n<p style=\"text-align: center;\"><span style=\"font-family: tahoma, arial, helvetica, sans-serif; font-size: 24px;\">Agrupamento de Escolas de Mora, 13 de abril de 2026<\/span><\/p>\n<p style=\"text-align: center;\"><span style=\"font-family: tahoma, arial, helvetica, sans-serif; font-size: 24px;\">O Diretor do Agrupamento de Escolas de Mora<\/span><\/p>\n<p style=\"text-align: center;\"><span style=\"font-family: tahoma, arial, helvetica, sans-serif; font-size: 24px;\">Joaquim Ant\u00f3nio Rodrigues de Mira<\/span><\/p>\n<p>&nbsp;<\/p>\n","protected":false},"excerpt":{"rendered":"<p>&nbsp; Matriculas Ano Letivo 2026\/2027 Informam-se os Encarregados de Educa\u00e7\u00e3o que, em conformidade com a legisla\u00e7\u00e3o em vigor, Despacho Normativo n.\u00ba 10-B\/2021, de 14 de&hellip;<\/p>\n","protected":false},"author":5,"featured_media":0,"parent":7246,"menu_order":0,"comment_status":"closed","ping_status":"closed","template":"","meta":{"_EventAllDay":false,"_EventTimezone":"","_EventStartDate":"","_EventEndDate":"","_EventStartDateUTC":"","_EventEndDateUTC":"","_EventShowMap":false,"_EventShowMapLink":false,"_EventURL":"","_EventCost":"","_EventCostDescription":"","_EventCurrencySymbol":"","_EventCurrencyCode":"","_EventCurrencyPosition":"","_EventDateTimeSeparator":"","_EventTimeRangeSeparator":"","_EventOrganizerID":[],"_EventVenueID":[],"_OrganizerEmail":"","_OrganizerPhone":"","_OrganizerWebsite":"","_VenueAddress":"","_VenueCity":"","_VenueCountry":"","_VenueProvince":"","_VenueState":"","_VenueZip":"","_VenuePhone":"","_VenueURL":"","_VenueStateProvince":"","_VenueLat":"","_VenueLng":"","_VenueShowMap":false,"_VenueShowMapLink":false,"footnotes":""},"class_list":["post-83959","page","type-page","status-publish","hentry"],"featured_image_url":[],"post_author":"Paulo Torres","assigned_categories":"","_links":{"self":[{"href":"https:\/\/www.aemora.pt\/index.php?rest_route=\/wp\/v2\/pages\/83959","targetHints":{"allow":["GET"]}}],"collection":[{"href":"https:\/\/www.aemora.pt\/index.php?rest_route=\/wp\/v2\/pages"}],"about":[{"href":"https:\/\/www.aemora.pt\/index.php?rest_route=\/wp\/v2\/types\/page"}],"author":[{"embeddable":true,"href":"https:\/\/www.aemora.pt\/index.php?rest_route=\/wp\/v2\/users\/5"}],"replies":[{"embeddable":true,"href":"https:\/\/www.aemora.pt\/index.php?rest_route=%2Fwp%2Fv2%2Fcomments&post=83959"}],"version-history":[{"count":5,"href":"https:\/\/www.aemora.pt\/index.php?rest_route=\/wp\/v2\/pages\/83959\/revisions"}],"predecessor-version":[{"id":83969,"href":"https:\/\/www.aemora.pt\/index.php?rest_route=\/wp\/v2\/pages\/83959\/revisions\/83969"}],"up":[{"embeddable":true,"href":"https:\/\/www.aemora.pt\/index.php?rest_route=\/wp\/v2\/pages\/7246"}],"wp:attachment":[{"href":"https:\/\/www.aemora.pt\/index.php?rest_route=%2Fwp%2Fv2%2Fmedia&parent=83959"}],"curies":[{"name":"wp","href":"https:\/\/api.w.org\/{rel}","templated":true}]}}