{"id":83972,"date":"2026-04-14T20:01:34","date_gmt":"2026-04-14T19:01:34","guid":{"rendered":"https:\/\/www.aemora.pt\/?page_id=83972"},"modified":"2026-04-14T20:04:57","modified_gmt":"2026-04-14T19:04:57","slug":"questionarios-de-autoavaliacao-2026","status":"publish","type":"page","link":"https:\/\/www.aemora.pt\/?page_id=83972","title":{"rendered":"Question\u00e1rios de Autoavalia\u00e7\u00e3o 2026"},"content":{"rendered":"<p>&nbsp;<\/p>\n<p><span style=\"font-family: tahoma, arial, helvetica, sans-serif; font-size: 36px;\">Solicita-se a participa\u00e7\u00e3o de toda a comunidade escolar na resposta ao Question\u00e1rio de Autoavalia\u00e7\u00e3o do Agrupamento de Escolas de Mora, que decorrer\u00e1 entre os dias 13 e 19 de abril.<\/span><br \/>\n<span style=\"font-family: tahoma, arial, helvetica, sans-serif; font-size: 36px;\">Este question\u00e1rio \u00e9 totalmente an\u00f3nimo e constitui um contributo fundamental para a melhoria cont\u00ednua da qualidade do servi\u00e7o educativo prestado.<\/span><br \/>\n<span style=\"font-family: tahoma, arial, helvetica, sans-serif; font-size: 36px;\">O respetivo link ser\u00e1 enviado por e-mail (no dia 13 de abril) aos encarregados de educa\u00e7\u00e3o, alunos do 4.\u00ba, 5.\u00ba e 6.\u00ba ano, 3.\u00ba ciclo, ensino secund\u00e1rio e profissional, bem como ao pessoal n\u00e3o docente, t\u00e9cnicos e pessoal docente.<\/span><br \/>\n<span style=\"font-family: tahoma, arial, helvetica, sans-serif; font-size: 36px;\">A colabora\u00e7\u00e3o de todos \u00e9 essencial. Contamos com a sua participa\u00e7\u00e3o!\u00a0\u00a0<\/span><\/p>\n<p style=\"text-align: center;\"><span style=\"color: #0000ff;\"><strong><span style=\"font-family: tahoma, arial, helvetica, sans-serif; font-size: 60px;\">Obrigado.<\/span><\/strong><\/span><\/p>\n","protected":false},"excerpt":{"rendered":"<p>&nbsp; Solicita-se a participa\u00e7\u00e3o de toda a comunidade escolar na resposta ao Question\u00e1rio de Autoavalia\u00e7\u00e3o do Agrupamento de Escolas de Mora, que decorrer\u00e1 entre os&hellip;<\/p>\n","protected":false},"author":5,"featured_media":0,"parent":0,"menu_order":0,"comment_status":"closed","ping_status":"closed","template":"","meta":{"_EventAllDay":false,"_EventTimezone":"","_EventStartDate":"","_EventEndDate":"","_EventStartDateUTC":"","_EventEndDateUTC":"","_EventShowMap":false,"_EventShowMapLink":false,"_EventURL":"","_EventCost":"","_EventCostDescription":"","_EventCurrencySymbol":"","_EventCurrencyCode":"","_EventCurrencyPosition":"","_EventDateTimeSeparator":"","_EventTimeRangeSeparator":"","_EventOrganizerID":[],"_EventVenueID":[],"_OrganizerEmail":"","_OrganizerPhone":"","_OrganizerWebsite":"","_VenueAddress":"","_VenueCity":"","_VenueCountry":"","_VenueProvince":"","_VenueState":"","_VenueZip":"","_VenuePhone":"","_VenueURL":"","_VenueStateProvince":"","_VenueLat":"","_VenueLng":"","_VenueShowMap":false,"_VenueShowMapLink":false,"footnotes":""},"class_list":["post-83972","page","type-page","status-publish","hentry"],"featured_image_url":[],"post_author":"Paulo Torres","assigned_categories":"","_links":{"self":[{"href":"https:\/\/www.aemora.pt\/index.php?rest_route=\/wp\/v2\/pages\/83972","targetHints":{"allow":["GET"]}}],"collection":[{"href":"https:\/\/www.aemora.pt\/index.php?rest_route=\/wp\/v2\/pages"}],"about":[{"href":"https:\/\/www.aemora.pt\/index.php?rest_route=\/wp\/v2\/types\/page"}],"author":[{"embeddable":true,"href":"https:\/\/www.aemora.pt\/index.php?rest_route=\/wp\/v2\/users\/5"}],"replies":[{"embeddable":true,"href":"https:\/\/www.aemora.pt\/index.php?rest_route=%2Fwp%2Fv2%2Fcomments&post=83972"}],"version-history":[{"count":1,"href":"https:\/\/www.aemora.pt\/index.php?rest_route=\/wp\/v2\/pages\/83972\/revisions"}],"predecessor-version":[{"id":83974,"href":"https:\/\/www.aemora.pt\/index.php?rest_route=\/wp\/v2\/pages\/83972\/revisions\/83974"}],"wp:attachment":[{"href":"https:\/\/www.aemora.pt\/index.php?rest_route=%2Fwp%2Fv2%2Fmedia&parent=83972"}],"curies":[{"name":"wp","href":"https:\/\/api.w.org\/{rel}","templated":true}]}}